{"id":49,"date":"2021-12-03T15:14:47","date_gmt":"2021-12-03T15:14:47","guid":{"rendered":"https:\/\/analyticalchemistry.science.upjs.sk\/?page_id=49"},"modified":"2025-09-18T07:55:23","modified_gmt":"2025-09-18T07:55:23","slug":"zamestnanci-2","status":"publish","type":"page","link":"https:\/\/analyticalchemistry.science.upjs.sk\/?page_id=49","title":{"rendered":"Zamestnanci"},"content":{"rendered":"\n<div class=\"wp-block-cover alignfull has-background-dim-30 has-background-dim\"><img loading=\"lazy\" width=\"600\" height=\"399\" class=\"wp-block-cover__image-background wp-image-725\" alt=\"\" src=\"https:\/\/analyticalchemistry.science.upjs.sk\/wp-content\/uploads\/2022\/11\/www.upjs_.jpg\" style=\"object-position:48% 21%\" data-object-fit=\"cover\" data-object-position=\"48% 21%\" srcset=\"https:\/\/analyticalchemistry.science.upjs.sk\/wp-content\/uploads\/2022\/11\/www.upjs_.jpg 600w, https:\/\/analyticalchemistry.science.upjs.sk\/wp-content\/uploads\/2022\/11\/www.upjs_-300x200.jpg 300w, https:\/\/analyticalchemistry.science.upjs.sk\/wp-content\/uploads\/2022\/11\/www.upjs_-500x333.jpg 500w\" sizes=\"(max-width: 600px) 100vw, 600px\" \/><div class=\"wp-block-cover__inner-container\">\n<div class=\"wp-block-group\"><div class=\"wp-block-group__inner-container\">\n<h1 class=\"is-style-default\">N\u00c1\u0160 KOLEKT\u00cdV<\/h1>\n\n\n\n<hr class=\"wp-block-separator is-style-default\"\/>\n<\/div><\/div>\n\n\n\n<div class=\"wp-block-group\"><div class=\"wp-block-group__inner-container\">\n<div class=\"wp-block-group\"><div class=\"wp-block-group__inner-container\">\n<h2 class=\"is-style-elsie-no-margins\">Na Katedre analytickej ch\u00e9mie p\u00f4sobia odborn\u00edci a pedag\u00f3govia z oblasti optick\u00fdch a separa\u010dn\u00fdch met\u00f3d. <\/h2>\n<\/div><\/div>\n<\/div><\/div>\n\n\n\n<div class=\"wp-block-group\"><div class=\"wp-block-group__inner-container\">\n<div class=\"wp-block-group\"><div class=\"wp-block-group__inner-container\">\n<h2 class=\"is-style-default\">Okrem profesorov, docentov, vedeck\u00fdch a odborn\u00fdch pracovn\u00edkov u n\u00e1s p\u00f4sobia aj doktorandi, ktor\u00fdch zaujala analytika nato\u013eko, \u017ee sa rozhodli venova\u0165 sa v\u00fdskumu hlb\u0161ie. <\/h2>\n<\/div><\/div>\n<\/div><\/div>\n<\/div><\/div>\n\n\n\n<h2 class=\"has-text-align-center has-vivid-red-color has-text-color\"><span style=\"color:#bf0b5c\" class=\"has-inline-color\">Profesori<\/span><\/h2>\n\n\n\n<div class=\"wp-block-columns\">\n<div class=\"wp-block-column\">\n<div class=\"wp-block-columns\">\n<div class=\"wp-block-column\">\n<div class=\"wp-block-image is-style-rounded\"><figure class=\"aligncenter size-medium\"><img loading=\"lazy\" width=\"300\" height=\"295\" src=\"https:\/\/analyticalchemistry.science.upjs.sk\/wp-content\/uploads\/2022\/01\/bazel_cropped-300x295.jpg\" alt=\"\" class=\"wp-image-432\" title=\"prof. Dr. Yaroslav Baze\u013e, DrSc. \" srcset=\"https:\/\/analyticalchemistry.science.upjs.sk\/wp-content\/uploads\/2022\/01\/bazel_cropped-300x295.jpg 300w, https:\/\/analyticalchemistry.science.upjs.sk\/wp-content\/uploads\/2022\/01\/bazel_cropped-500x492.jpg 500w, https:\/\/analyticalchemistry.science.upjs.sk\/wp-content\/uploads\/2022\/01\/bazel_cropped.jpg 640w\" sizes=\"(max-width: 300px) 100vw, 300px\" \/><\/figure><\/div>\n\n\n\n<div class=\"wp-block-columns\">\n<div class=\"wp-block-column\" style=\"flex-basis:100%\">\n<div class=\"wp-block-group\"><div class=\"wp-block-group__inner-container\">\n<p class=\"has-text-align-center has-black-color has-text-color has-normal-font-size\"><a href=\"https:\/\/www.upjs.sk\/PF\/zamestnanec\/yaroslav.bazel\/\" data-type=\"URL\" data-id=\"https:\/\/www.upjs.sk\/PF\/zamestnanec\/yaroslav.bazel\/\" target=\"_blank\" rel=\"noreferrer noopener\"><strong>prof. Dr. Yaroslav<\/strong> <strong>Baze\u013e, DrSc.<\/strong><\/a><\/p>\n\n\n\n<p class=\"has-text-align-center\"><\/p>\n<\/div><\/div>\n<\/div>\n<\/div>\n<\/div>\n<\/div>\n<\/div>\n\n\n\n<div class=\"wp-block-column\">\n<div class=\"wp-block-image is-style-rounded\"><figure class=\"aligncenter size-medium\"><img loading=\"lazy\" width=\"300\" height=\"297\" src=\"https:\/\/analyticalchemistry.science.upjs.sk\/wp-content\/uploads\/2022\/01\/VA-2-300x297.jpg\" alt=\"\" class=\"wp-image-536\" srcset=\"https:\/\/analyticalchemistry.science.upjs.sk\/wp-content\/uploads\/2022\/01\/VA-2-300x297.jpg 300w, https:\/\/analyticalchemistry.science.upjs.sk\/wp-content\/uploads\/2022\/01\/VA-2-150x150.jpg 150w, https:\/\/analyticalchemistry.science.upjs.sk\/wp-content\/uploads\/2022\/01\/VA-2-500x495.jpg 500w, https:\/\/analyticalchemistry.science.upjs.sk\/wp-content\/uploads\/2022\/01\/VA-2.jpg 637w\" sizes=\"(max-width: 300px) 100vw, 300px\" \/><\/figure><\/div>\n\n\n\n<p class=\"has-text-align-center\"><strong><a href=\"https:\/\/www.upjs.sk\/PF\/zamestnanec\/vasil.andruch\/\" data-type=\"URL\" data-id=\"https:\/\/www.upjs.sk\/PF\/zamestnanec\/vasil.andruch\/\" target=\"_blank\" rel=\"noreferrer noopener\">prof. Mgr. Vasi\u013e Andruch, DSc.<\/a><\/strong><\/p>\n<\/div>\n<\/div>\n\n\n\n<h2 class=\"has-text-align-center has-vivid-red-color has-text-color\"><span style=\"color:#bf0b5c\" class=\"has-inline-color\">Docenti<\/span><\/h2>\n\n\n\n<div class=\"wp-block-columns\">\n<div class=\"wp-block-column\">\n<div class=\"wp-block-image is-style-rounded\"><figure class=\"aligncenter size-medium\"><img loading=\"lazy\" width=\"300\" height=\"297\" src=\"https:\/\/analyticalchemistry.science.upjs.sk\/wp-content\/uploads\/2022\/01\/TG-2-300x297.jpg\" alt=\"\" class=\"wp-image-537\" srcset=\"https:\/\/analyticalchemistry.science.upjs.sk\/wp-content\/uploads\/2022\/01\/TG-2-300x297.jpg 300w, https:\/\/analyticalchemistry.science.upjs.sk\/wp-content\/uploads\/2022\/01\/TG-2-150x150.jpg 150w, https:\/\/analyticalchemistry.science.upjs.sk\/wp-content\/uploads\/2022\/01\/TG-2-500x495.jpg 500w, https:\/\/analyticalchemistry.science.upjs.sk\/wp-content\/uploads\/2022\/01\/TG-2.jpg 637w\" sizes=\"(max-width: 300px) 100vw, 300px\" \/><\/figure><\/div>\n\n\n\n<p class=\"has-text-align-center\"><strong><a href=\"https:\/\/www.upjs.sk\/PF\/zamestnanec\/tatana.gondova\/\" data-type=\"URL\" data-id=\"https:\/\/www.upjs.sk\/PF\/zamestnanec\/tatana.gondova\/\" target=\"_blank\" rel=\"noreferrer noopener\">doc. RNDr. Ta\u0165\u00e1na Gondov\u00e1, CSc.<\/a><\/strong><\/p>\n\n\n\n<p class=\"has-text-align-center\"><\/p>\n<\/div>\n\n\n\n<div class=\"wp-block-column\">\n<div class=\"wp-block-image is-style-rounded\"><figure class=\"aligncenter size-medium\"><img loading=\"lazy\" width=\"280\" height=\"300\" src=\"https:\/\/analyticalchemistry.science.upjs.sk\/wp-content\/uploads\/2022\/01\/reiffova_cropped-280x300.jpg\" alt=\"\" class=\"wp-image-435\" srcset=\"https:\/\/analyticalchemistry.science.upjs.sk\/wp-content\/uploads\/2022\/01\/reiffova_cropped-280x300.jpg 280w, https:\/\/analyticalchemistry.science.upjs.sk\/wp-content\/uploads\/2022\/01\/reiffova_cropped-500x535.jpg 500w, https:\/\/analyticalchemistry.science.upjs.sk\/wp-content\/uploads\/2022\/01\/reiffova_cropped.jpg 630w\" sizes=\"(max-width: 280px) 100vw, 280px\" \/><\/figure><\/div>\n\n\n\n<p class=\"has-text-align-center\"><strong><a href=\"https:\/\/www.upjs.sk\/PF\/zamestnanec\/katarina.reiffova\/\" data-type=\"URL\" data-id=\"https:\/\/www.upjs.sk\/PF\/zamestnanec\/katarina.reiffova\/\" target=\"_blank\" rel=\"noreferrer noopener\">doc. RNDr. Katar\u00edna Reiffov\u00e1, PhD.<\/a><\/strong><\/p>\n\n\n\n<p class=\"has-text-align-center\"><\/p>\n<\/div>\n<\/div>\n\n\n\n<div class=\"wp-block-columns\">\n<div class=\"wp-block-column\">\n<div class=\"wp-block-image is-style-rounded\"><figure class=\"aligncenter size-medium is-resized\"><img src=\"https:\/\/analyticalchemistry.science.upjs.sk\/wp-content\/uploads\/2023\/01\/Viera-fotka-edited.jpg\" alt=\"\" class=\"wp-image-2266\" width=\"300\" srcset=\"https:\/\/analyticalchemistry.science.upjs.sk\/wp-content\/uploads\/2023\/01\/Viera-fotka-edited.jpg 1209w, https:\/\/analyticalchemistry.science.upjs.sk\/wp-content\/uploads\/2023\/01\/Viera-fotka-edited-300x300.jpg 300w, https:\/\/analyticalchemistry.science.upjs.sk\/wp-content\/uploads\/2023\/01\/Viera-fotka-edited-1024x1024.jpg 1024w, https:\/\/analyticalchemistry.science.upjs.sk\/wp-content\/uploads\/2023\/01\/Viera-fotka-edited-150x150.jpg 150w, https:\/\/analyticalchemistry.science.upjs.sk\/wp-content\/uploads\/2023\/01\/Viera-fotka-edited-768x767.jpg 768w, https:\/\/analyticalchemistry.science.upjs.sk\/wp-content\/uploads\/2023\/01\/Viera-fotka-edited-900x899.jpg 900w, https:\/\/analyticalchemistry.science.upjs.sk\/wp-content\/uploads\/2023\/01\/Viera-fotka-edited-500x500.jpg 500w\" sizes=\"(max-width: 1209px) 100vw, 1209px\" \/><\/figure><\/div>\n\n\n\n<p class=\"has-text-align-center\"><strong><a href=\"https:\/\/www.upjs.sk\/PF\/zamestnanec\/viera.vojtekova\/\" data-type=\"URL\" data-id=\"https:\/\/www.upjs.sk\/PF\/zamestnanec\/viera.vojtekova\/\">doc. Ing. Viera Vojtekov\u00e1, PhD.<\/a><\/strong><\/p>\n\n\n\n<p class=\"has-text-align-center\"> Ved\u00faca katedry <\/p>\n<\/div>\n<\/div>\n\n\n\n<h2 class=\"has-text-align-center has-vivid-red-color has-text-color\"><span style=\"color:#bf0b5c\" class=\"has-inline-color\">Samostatn\u00ed vedeck\u00ed pracovn\u00edci<\/span><\/h2>\n\n\n\n<div class=\"wp-block-columns\">\n<div class=\"wp-block-column\">\n<div class=\"wp-block-image is-style-rounded\"><figure class=\"aligncenter size-medium\"><img loading=\"lazy\" width=\"300\" height=\"298\" src=\"https:\/\/analyticalchemistry.science.upjs.sk\/wp-content\/uploads\/2022\/01\/sandrejova_cropped-300x298.jpg\" alt=\"\" class=\"wp-image-437\" srcset=\"https:\/\/analyticalchemistry.science.upjs.sk\/wp-content\/uploads\/2022\/01\/sandrejova_cropped-300x298.jpg 300w, https:\/\/analyticalchemistry.science.upjs.sk\/wp-content\/uploads\/2022\/01\/sandrejova_cropped-150x150.jpg 150w, https:\/\/analyticalchemistry.science.upjs.sk\/wp-content\/uploads\/2022\/01\/sandrejova_cropped-500x496.jpg 500w, https:\/\/analyticalchemistry.science.upjs.sk\/wp-content\/uploads\/2022\/01\/sandrejova_cropped.jpg 639w\" sizes=\"(max-width: 300px) 100vw, 300px\" \/><\/figure><\/div>\n\n\n\n<p class=\"has-text-align-center\"><strong><a href=\"https:\/\/www.upjs.sk\/PF\/zamestnanec\/jana.sandrejova\/\" target=\"_blank\" rel=\"noreferrer noopener\">RNDr. Jana \u0160andrejov\u00e1, PhD.<\/a><\/strong><\/p>\n<\/div>\n<\/div>\n\n\n\n<h2 class=\"has-text-align-center\">Vedeck\u00ed pracovn\u00edci<\/h2>\n\n\n\n<div class=\"wp-block-columns\">\n<div class=\"wp-block-column\">\n<div class=\"wp-block-image is-style-rounded\"><figure class=\"aligncenter size-medium\"><img loading=\"lazy\" width=\"300\" height=\"300\" src=\"https:\/\/analyticalchemistry.science.upjs.sk\/wp-content\/uploads\/2023\/01\/Andriy-Vishnikin-300x300.jpg\" alt=\"\" class=\"wp-image-1976\" srcset=\"https:\/\/analyticalchemistry.science.upjs.sk\/wp-content\/uploads\/2023\/01\/Andriy-Vishnikin-300x300.jpg 300w, https:\/\/analyticalchemistry.science.upjs.sk\/wp-content\/uploads\/2023\/01\/Andriy-Vishnikin-150x150.jpg 150w, https:\/\/analyticalchemistry.science.upjs.sk\/wp-content\/uploads\/2023\/01\/Andriy-Vishnikin-500x500.jpg 500w, https:\/\/analyticalchemistry.science.upjs.sk\/wp-content\/uploads\/2023\/01\/Andriy-Vishnikin.jpg 512w\" sizes=\"(max-width: 300px) 100vw, 300px\" \/><\/figure><\/div>\n\n\n\n<p class=\"has-text-align-center\"><strong><a rel=\"noreferrer noopener\" href=\"https:\/\/www.upjs.sk\/PF\/zamestnanec\/andrii.vyshnikin\/\" data-type=\"URL\" data-id=\"https:\/\/www.upjs.sk\/PF\/zamestnanec\/andrii.vyshnikin\/\" target=\"_blank\">prof. Andrii Vishnikin, PhD.<\/a><\/strong><\/p>\n<\/div>\n\n\n\n<div class=\"wp-block-column\">\n<div class=\"wp-block-image is-style-rounded\"><figure class=\"aligncenter size-medium\"><img loading=\"lazy\" width=\"300\" height=\"300\" src=\"https:\/\/analyticalchemistry.science.upjs.sk\/wp-content\/uploads\/2024\/01\/Menovka_2-300x300.png\" alt=\"\" class=\"wp-image-2668\" srcset=\"https:\/\/analyticalchemistry.science.upjs.sk\/wp-content\/uploads\/2024\/01\/Menovka_2-300x300.png 300w, https:\/\/analyticalchemistry.science.upjs.sk\/wp-content\/uploads\/2024\/01\/Menovka_2-1024x1024.png 1024w, https:\/\/analyticalchemistry.science.upjs.sk\/wp-content\/uploads\/2024\/01\/Menovka_2-150x150.png 150w, https:\/\/analyticalchemistry.science.upjs.sk\/wp-content\/uploads\/2024\/01\/Menovka_2-768x768.png 768w, https:\/\/analyticalchemistry.science.upjs.sk\/wp-content\/uploads\/2024\/01\/Menovka_2-900x900.png 900w, https:\/\/analyticalchemistry.science.upjs.sk\/wp-content\/uploads\/2024\/01\/Menovka_2-500x500.png 500w, https:\/\/analyticalchemistry.science.upjs.sk\/wp-content\/uploads\/2024\/01\/Menovka_2.png 1200w\" sizes=\"(max-width: 300px) 100vw, 300px\" \/><\/figure><\/div>\n\n\n\n<p class=\"has-text-align-center\"><strong><a href=\"https:\/\/www.upjs.sk\/PF\/zamestnanec\/serhii.zaruba\/\" data-type=\"URL\" data-id=\"https:\/\/www.upjs.sk\/PF\/zamestnanec\/serhii.zaruba\/\" target=\"_blank\" rel=\"noreferrer noopener\">Serhii Zaruba, PhD.<\/a><\/strong><\/p>\n<\/div>\n<\/div>\n\n\n\n<div class=\"wp-block-columns alignwide\">\n<div class=\"wp-block-column\">\n<div class=\"wp-block-image is-style-rounded\"><figure class=\"aligncenter size-medium\"><img loading=\"lazy\" width=\"300\" height=\"300\" src=\"https:\/\/analyticalchemistry.science.upjs.sk\/wp-content\/uploads\/2024\/01\/Menovka-300x300.png\" alt=\"\" class=\"wp-image-2666\" srcset=\"https:\/\/analyticalchemistry.science.upjs.sk\/wp-content\/uploads\/2024\/01\/Menovka-300x300.png 300w, https:\/\/analyticalchemistry.science.upjs.sk\/wp-content\/uploads\/2024\/01\/Menovka-1024x1024.png 1024w, https:\/\/analyticalchemistry.science.upjs.sk\/wp-content\/uploads\/2024\/01\/Menovka-150x150.png 150w, https:\/\/analyticalchemistry.science.upjs.sk\/wp-content\/uploads\/2024\/01\/Menovka-768x768.png 768w, https:\/\/analyticalchemistry.science.upjs.sk\/wp-content\/uploads\/2024\/01\/Menovka-900x900.png 900w, https:\/\/analyticalchemistry.science.upjs.sk\/wp-content\/uploads\/2024\/01\/Menovka-500x500.png 500w, https:\/\/analyticalchemistry.science.upjs.sk\/wp-content\/uploads\/2024\/01\/Menovka.png 1200w\" sizes=\"(max-width: 300px) 100vw, 300px\" \/><\/figure><\/div>\n\n\n\n<p class=\"has-text-align-center\"><strong><a rel=\"noreferrer noopener\" href=\"https:\/\/www.upjs.sk\/PF\/zamestnanec\/jan.toth\/\" target=\"_blank\">RNDr. J\u00e1n T\u00f3th PhD.<\/a><\/strong><\/p>\n<\/div>\n<\/div>\n\n\n\n<h2 class=\"has-text-align-center has-vivid-red-color has-text-color\"><span style=\"color:#bf0b5c\" class=\"has-inline-color\">Odborn\u00ed asistenti<\/span><\/h2>\n\n\n\n<div class=\"wp-block-columns\">\n<div class=\"wp-block-column\">\n<div class=\"wp-block-image is-style-rounded\"><figure class=\"aligncenter size-medium\"><img loading=\"lazy\" width=\"300\" height=\"300\" src=\"https:\/\/analyticalchemistry.science.upjs.sk\/wp-content\/uploads\/2022\/01\/serbin_cropped-300x300.jpg\" alt=\"\" class=\"wp-image-438\" srcset=\"https:\/\/analyticalchemistry.science.upjs.sk\/wp-content\/uploads\/2022\/01\/serbin_cropped-300x300.jpg 300w, https:\/\/analyticalchemistry.science.upjs.sk\/wp-content\/uploads\/2022\/01\/serbin_cropped-150x150.jpg 150w, https:\/\/analyticalchemistry.science.upjs.sk\/wp-content\/uploads\/2022\/01\/serbin_cropped-500x500.jpg 500w, https:\/\/analyticalchemistry.science.upjs.sk\/wp-content\/uploads\/2022\/01\/serbin_cropped.jpg 630w\" sizes=\"(max-width: 300px) 100vw, 300px\" \/><\/figure><\/div>\n\n\n\n<p class=\"has-text-align-center\"><strong><a href=\"https:\/\/www.upjs.sk\/PF\/zamestnanec\/rastislav.serbin\/\" target=\"_blank\" rel=\"noreferrer noopener\">RNDr. Rastislav Serbin, PhD.<\/a><\/strong><\/p>\n<\/div>\n<\/div>\n\n\n\n<h2 class=\"has-text-align-center has-vivid-red-color has-text-color\"><span style=\"color:#bf0b5c\" class=\"has-inline-color\">Odborn\u00ed zamestnanci<\/span><\/h2>\n\n\n\n<div class=\"wp-block-columns\">\n<div class=\"wp-block-column\">\n<div class=\"wp-block-image is-style-rounded\"><figure class=\"aligncenter size-medium\"><img loading=\"lazy\" width=\"300\" height=\"300\" src=\"https:\/\/analyticalchemistry.science.upjs.sk\/wp-content\/uploads\/2022\/01\/hurajtova_cropped-300x300.jpg\" alt=\"\" class=\"wp-image-439\" srcset=\"https:\/\/analyticalchemistry.science.upjs.sk\/wp-content\/uploads\/2022\/01\/hurajtova_cropped-300x300.jpg 300w, https:\/\/analyticalchemistry.science.upjs.sk\/wp-content\/uploads\/2022\/01\/hurajtova_cropped-150x150.jpg 150w, https:\/\/analyticalchemistry.science.upjs.sk\/wp-content\/uploads\/2022\/01\/hurajtova_cropped-500x500.jpg 500w, https:\/\/analyticalchemistry.science.upjs.sk\/wp-content\/uploads\/2022\/01\/hurajtova_cropped.jpg 633w\" sizes=\"(max-width: 300px) 100vw, 300px\" \/><\/figure><\/div>\n\n\n\n<p class=\"has-text-align-center\"><strong><a href=\"https:\/\/www.upjs.sk\/PF\/zamestnanec\/lenka.hurajtova\/\" target=\"_blank\" rel=\"noreferrer noopener\">Ing. Lenka Hurajtov\u00e1<\/a><\/strong><\/p>\n<\/div>\n<\/div>\n\n\n\n<h2 class=\"has-text-align-center has-vivid-red-color has-text-color\"><span style=\"color:#bf0b5c\" class=\"has-inline-color\">Doktorandi<\/span><\/h2>\n\n\n\n<div class=\"wp-block-columns\">\n<div class=\"wp-block-column\">\n<div class=\"wp-block-image is-style-rounded\"><figure class=\"aligncenter size-full is-resized\"><img loading=\"lazy\" src=\"https:\/\/analyticalchemistry.science.upjs.sk\/wp-content\/uploads\/2022\/12\/Sofia-Kakalejcikova-edited-1.jpg\" alt=\"\" class=\"wp-image-1386\" width=\"300\" height=\"300\" srcset=\"https:\/\/analyticalchemistry.science.upjs.sk\/wp-content\/uploads\/2022\/12\/Sofia-Kakalejcikova-edited-1.jpg 934w, https:\/\/analyticalchemistry.science.upjs.sk\/wp-content\/uploads\/2022\/12\/Sofia-Kakalejcikova-edited-1-300x300.jpg 300w, https:\/\/analyticalchemistry.science.upjs.sk\/wp-content\/uploads\/2022\/12\/Sofia-Kakalejcikova-edited-1-150x150.jpg 150w, https:\/\/analyticalchemistry.science.upjs.sk\/wp-content\/uploads\/2022\/12\/Sofia-Kakalejcikova-edited-1-768x770.jpg 768w, https:\/\/analyticalchemistry.science.upjs.sk\/wp-content\/uploads\/2022\/12\/Sofia-Kakalejcikova-edited-1-900x902.jpg 900w, https:\/\/analyticalchemistry.science.upjs.sk\/wp-content\/uploads\/2022\/12\/Sofia-Kakalejcikova-edited-1-500x500.jpg 500w\" sizes=\"(max-width: 300px) 100vw, 300px\" \/><\/figure><\/div>\n\n\n\n<p class=\"has-text-align-center\"><strong><a rel=\"noreferrer noopener\" href=\"https:\/\/www.upjs.sk\/PF\/student\/sofia.huncarova\/\" data-type=\"URL\" data-id=\"https:\/\/www.upjs.sk\/PF\/student\/sofia.huncarova\/\" target=\"_blank\"> <strong><a rel=\"noreferrer noopener\" href=\"https:\/\/www.upjs.sk\/PF\/student\/sofia.kakalejcikova\/\" data-type=\"URL\" data-id=\"https:\/\/www.upjs.sk\/PF\/student\/sofia.kakalejcikova\/\" target=\"_blank\"><span style=\"color:#bf0b5c\" class=\"has-inline-color\">Mgr. Sofia <\/span>Kakalej\u010d\u00edkov\u00e1<\/a><\/strong> <\/a><\/strong><\/p>\n<\/div>\n\n\n\n<div class=\"wp-block-column\">\n<div class=\"wp-block-image is-style-rounded\"><figure class=\"aligncenter size-large is-resized\"><img loading=\"lazy\" src=\"https:\/\/analyticalchemistry.science.upjs.sk\/wp-content\/uploads\/2023\/10\/BeFunky-design2-1024x1024.png\" alt=\"\" class=\"wp-image-2565\" width=\"300\" height=\"300\" srcset=\"https:\/\/analyticalchemistry.science.upjs.sk\/wp-content\/uploads\/2023\/10\/BeFunky-design2-1024x1024.png 1024w, https:\/\/analyticalchemistry.science.upjs.sk\/wp-content\/uploads\/2023\/10\/BeFunky-design2-300x300.png 300w, https:\/\/analyticalchemistry.science.upjs.sk\/wp-content\/uploads\/2023\/10\/BeFunky-design2-150x150.png 150w, https:\/\/analyticalchemistry.science.upjs.sk\/wp-content\/uploads\/2023\/10\/BeFunky-design2-768x768.png 768w, https:\/\/analyticalchemistry.science.upjs.sk\/wp-content\/uploads\/2023\/10\/BeFunky-design2-900x900.png 900w, https:\/\/analyticalchemistry.science.upjs.sk\/wp-content\/uploads\/2023\/10\/BeFunky-design2-500x500.png 500w, https:\/\/analyticalchemistry.science.upjs.sk\/wp-content\/uploads\/2023\/10\/BeFunky-design2.png 1200w\" sizes=\"(max-width: 300px) 100vw, 300px\" \/><\/figure><\/div>\n\n\n\n<p class=\"has-text-align-center\"><strong><a rel=\"noreferrer noopener\" href=\"https:\/\/www.upjs.sk\/PF\/student\/sofia.kakalejcikova\/\" data-type=\"URL\" data-id=\"https:\/\/www.upjs.sk\/PF\/student\/sofia.kakalejcikova\/\" target=\"_blank\"><span style=\"color:#bf0b5c\" class=\"has-inline-color\"> <strong><a rel=\"noreferrer noopener\" href=\"https:\/\/www.upjs.sk\/PF\/zamestnanec\/andrea.gajdosova\/\" data-type=\"URL\" data-id=\"https:\/\/www.upjs.sk\/PF\/zamestnanec\/andrea.gajdosova\/\" target=\"_blank\">Mgr. Andrea Gajdo\u0161ov\u00e1<\/a><\/strong> <\/span><\/a><\/strong><\/p>\n<\/div>\n<\/div>\n\n\n\n<div class=\"wp-block-columns\">\n<div class=\"wp-block-column\">\n<div class=\"wp-block-image is-style-rounded\"><figure class=\"aligncenter size-large is-resized\"><img loading=\"lazy\" src=\"https:\/\/analyticalchemistry.science.upjs.sk\/wp-content\/uploads\/2025\/09\/VO-1024x1024.png\" alt=\"\" class=\"wp-image-2914\" width=\"300\" height=\"300\" srcset=\"https:\/\/analyticalchemistry.science.upjs.sk\/wp-content\/uploads\/2025\/09\/VO.png 1024w, https:\/\/analyticalchemistry.science.upjs.sk\/wp-content\/uploads\/2025\/09\/VO-300x300.png 300w, https:\/\/analyticalchemistry.science.upjs.sk\/wp-content\/uploads\/2025\/09\/VO-150x150.png 150w, https:\/\/analyticalchemistry.science.upjs.sk\/wp-content\/uploads\/2025\/09\/VO-768x768.png 768w, https:\/\/analyticalchemistry.science.upjs.sk\/wp-content\/uploads\/2025\/09\/VO-900x900.png 900w, https:\/\/analyticalchemistry.science.upjs.sk\/wp-content\/uploads\/2025\/09\/VO-500x500.png 500w\" sizes=\"(max-width: 300px) 100vw, 300px\" \/><\/figure><\/div>\n\n\n\n<p class=\"has-text-align-center\"><strong><a href=\"vivien.oltmanova@student.upjs.sk\" data-type=\"URL\" data-id=\"vivien.oltmanova@student.upjs.sk\">Mgr. Vivien Oltmanov\u00e1<\/a><\/strong><\/p>\n<\/div>\n<\/div>\n\n\n\n<div class=\"wp-block-columns\">\n<div class=\"wp-block-column\">\n<p class=\"has-text-align-center\"><\/p>\n<\/div>\n\n\n\n<div class=\"wp-block-column\">\n<p class=\"has-text-align-center\"><\/p>\n<\/div>\n<\/div>\n","protected":false},"excerpt":{"rendered":"<p>Profesori prof. Dr. Yaroslav Baze\u013e, DrSc. prof. Mgr. Vasi\u013e Andruch, DSc. Docenti doc. RNDr. Ta\u0165\u00e1na Gondov\u00e1, CSc. doc. RNDr. Katar\u00edna Reiffov\u00e1, PhD. [&hellip;]<\/p>\n","protected":false},"author":3,"featured_media":0,"parent":258,"menu_order":1,"comment_status":"closed","ping_status":"closed","template":"","meta":{"spay_email":""},"_links":{"self":[{"href":"https:\/\/analyticalchemistry.science.upjs.sk\/index.php?rest_route=\/wp\/v2\/pages\/49"}],"collection":[{"href":"https:\/\/analyticalchemistry.science.upjs.sk\/index.php?rest_route=\/wp\/v2\/pages"}],"about":[{"href":"https:\/\/analyticalchemistry.science.upjs.sk\/index.php?rest_route=\/wp\/v2\/types\/page"}],"author":[{"embeddable":true,"href":"https:\/\/analyticalchemistry.science.upjs.sk\/index.php?rest_route=\/wp\/v2\/users\/3"}],"replies":[{"embeddable":true,"href":"https:\/\/analyticalchemistry.science.upjs.sk\/index.php?rest_route=%2Fwp%2Fv2%2Fcomments&post=49"}],"version-history":[{"count":89,"href":"https:\/\/analyticalchemistry.science.upjs.sk\/index.php?rest_route=\/wp\/v2\/pages\/49\/revisions"}],"predecessor-version":[{"id":2915,"href":"https:\/\/analyticalchemistry.science.upjs.sk\/index.php?rest_route=\/wp\/v2\/pages\/49\/revisions\/2915"}],"up":[{"embeddable":true,"href":"https:\/\/analyticalchemistry.science.upjs.sk\/index.php?rest_route=\/wp\/v2\/pages\/258"}],"wp:attachment":[{"href":"https:\/\/analyticalchemistry.science.upjs.sk\/index.php?rest_route=%2Fwp%2Fv2%2Fmedia&parent=49"}],"curies":[{"name":"wp","href":"https:\/\/api.w.org\/{rel}","templated":true}]}}