{"id":47,"date":"2021-12-03T15:14:47","date_gmt":"2021-12-03T15:14:47","guid":{"rendered":"https:\/\/analyticalchemistry.science.upjs.sk\/?page_id=47"},"modified":"2026-01-27T12:09:36","modified_gmt":"2026-01-27T12:09:36","slug":"projekty","status":"publish","type":"page","link":"https:\/\/analyticalchemistry.science.upjs.sk\/?page_id=47","title":{"rendered":"Projekty"},"content":{"rendered":"\n<div class=\"wp-block-cover alignfull has-background-dim-30 has-background-dim\"><img loading=\"lazy\" width=\"2400\" height=\"960\" class=\"wp-block-cover__image-background wp-image-1057\" alt=\"\" src=\"https:\/\/analyticalchemistry.science.upjs.sk\/wp-content\/uploads\/2022\/11\/2400-scientist-annotating-research-on-form.jpg\" style=\"object-position:35% 64%\" data-object-fit=\"cover\" data-object-position=\"35% 64%\" srcset=\"https:\/\/analyticalchemistry.science.upjs.sk\/wp-content\/uploads\/2022\/11\/2400-scientist-annotating-research-on-form.jpg 2400w, https:\/\/analyticalchemistry.science.upjs.sk\/wp-content\/uploads\/2022\/11\/2400-scientist-annotating-research-on-form-300x120.jpg 300w, https:\/\/analyticalchemistry.science.upjs.sk\/wp-content\/uploads\/2022\/11\/2400-scientist-annotating-research-on-form-1024x410.jpg 1024w, https:\/\/analyticalchemistry.science.upjs.sk\/wp-content\/uploads\/2022\/11\/2400-scientist-annotating-research-on-form-768x307.jpg 768w, https:\/\/analyticalchemistry.science.upjs.sk\/wp-content\/uploads\/2022\/11\/2400-scientist-annotating-research-on-form-1536x614.jpg 1536w, https:\/\/analyticalchemistry.science.upjs.sk\/wp-content\/uploads\/2022\/11\/2400-scientist-annotating-research-on-form-2048x819.jpg 2048w, https:\/\/analyticalchemistry.science.upjs.sk\/wp-content\/uploads\/2022\/11\/2400-scientist-annotating-research-on-form-900x360.jpg 900w, https:\/\/analyticalchemistry.science.upjs.sk\/wp-content\/uploads\/2022\/11\/2400-scientist-annotating-research-on-form-500x200.jpg 500w\" sizes=\"(max-width: 2400px) 100vw, 2400px\" \/><div class=\"wp-block-cover__inner-container\">\n<div class=\"wp-block-group\"><div class=\"wp-block-group__inner-container\">\n<h1 class=\"is-style-default\">PROJEKTY NA PODPORU V\u00ddSKUMU<\/h1>\n\n\n\n<hr class=\"wp-block-separator is-style-default\"\/>\n<\/div><\/div>\n\n\n\n<p> <\/p>\n\n\n\n<h2 class=\"is-style-elsie-no-margins\">VEGA, APPV, VVGS, Visegrad Fund, Pl\u00e1n obnovy a odolnosti SR &#8230;<\/h2>\n<\/div><\/div>\n\n\n\n<h2 class=\"has-text-align-center is-style-default has-vivid-red-color has-text-color\"><strong><span style=\"color:#bf0b5c\" class=\"has-inline-color\">Aktu\u00e1lne rie\u0161en\u00e9 projekty<\/span><\/strong><\/h2>\n\n\n\n<ol><li>APVV-24-0235 Pokrokov\u00e9 zelen\u00e9 mikroextrak\u010dn\u00e9 techniky: vyu\u017eitie pr\u00edrodn\u00fdch a biologick\u00fdch rozp\u00fa\u0161\u0165adiel, zodpovedn\u00fd rie\u0161ite\u013e za PF UPJ\u0160 v Ko\u0161iciach: prof. Mgr. Vasi\u013e Andruch, CSc.<\/li><li>VEGA 1\/0142\/25 Zelen\u00e1 analytick\u00e1 ch\u00e9mia: mo\u017enosti vyu\u017eitia v metabolomike a anal\u00fdze vzoriek so zlo\u017eitou matricou, odpovedn\u00fd rie\u0161ite\u013e: prof. Mgr. Vasi\u013e Andruch, CSc. <\/li><\/ol>\n\n\n\n<hr class=\"wp-block-separator is-style-default\"\/>\n\n\n\n<h2 class=\"has-text-align-center is-style-default has-vivid-red-color has-text-color\"><span style=\"color:#bf0b5c\" class=\"has-inline-color\"><strong>\u010eal\u0161ie ukon\u010den\u00e9 projekty<\/strong><\/span><\/h2>\n\n\n\n<ol><li>VEGA 1\/0177\/23 V\u00fdvoj a zavedenie inovat\u00edvnych analytick\u00fdch postupov pou\u017eit\u00edm optickej sondy a alternat\u00edvnych ekologicky prijate\u013en\u00fdch rozp\u00fa\u0161\u0165adiel, (2023-2025), zodpovedn\u00fd rie\u0161ite\u013e: prof. Dr. Yaroslav Baze\u013e, DrSc.<\/li><li>09I03-03-V01-00106 \u0160tipendi\u00e1 pre excelentn\u00fdch v\u00fdskumn\u00edkov ohrozen\u00fdch vojnov\u00fdm konfliktom na Ukrajine &#8211; prof. Andrii Vyshnikin, DrSc. Pl\u00e1n obnovy K9: Efekt\u00edvnej\u0161ie riadenie a posilnenie financovania vedy, v\u00fdskumu a inov\u00e1ci\u00ed, (2023-2025).<\/li><li>09I03-03-V01-00106 \u0160tipendi\u00e1 pre excelentn\u00fdch v\u00fdskumn\u00edkov ohrozen\u00fdch vojnov\u00fdm konfliktom na Ukrajine &#8211; Serhii Zaruba, PhD. Pl\u00e1n obnovy K9: Efekt\u00edvnej\u0161ie riadenie a posilnenie financovania vedy, v\u00fdskumu a inov\u00e1ci\u00ed, (2022-2025).<\/li><li>VEGA 1\/0220\/21 Vyu\u017eitie alternat\u00edvnych rozp\u00fa\u0161\u0165adiel a pr\u00edstupov na v\u00fdvoj environment\u00e1lne priate\u013esk\u00fdch postupov pre analytick\u00fa ch\u00e9miu a organick\u00fa synt\u00e9zu, (2021-2024), zodpovedn\u00fd rie\u0161ite\u013e: prof. Mgr. Vasi\u013e Andruch, CSc.<\/li><li>VEGA 1\/0124\/20 V\u00fdvoj nov\u00fdch sch\u00e9m pre automatiz\u00e1ciu a miniaturiz\u00e1ciu analytick\u00fdch proced\u00far a ich aplik\u00e1cia na vypracovanie nov\u00fdch \u201ezelen\u00fdch\u201c postupov pre anal\u00fdzu rastlinn\u00fdch materi\u00e1lov, farmaceutick\u00fdch pr\u00edpravkov, biologick\u00fdch a environment\u00e1lnych vzoriek, (2020-2023), zodpovedn\u00fd rie\u0161ite\u013e: RNDr. Jana \u0160andrejov\u00e1, PhD.<\/li><li>VEGA 1\/0253\/16 V\u00fdskum analytick\u00fdch techn\u00edk vhodn\u00fdch na dynamick\u00fa on-line kontrolu (2016-2019), zodpovedn\u00fd rie\u0161ite\u013e: prof.  Dr. Yaroslav Baze\u013e, DrSc.<\/li><li>VEGA 1\/0010\/15 V\u00fdvoj nov\u00fdch miniaturizovan\u00fdch a automatizovan\u00fdch analytick\u00fdch met\u00f3d (2015-2018), zodpovedn\u00fd rie\u0161ite\u013e: prof. Mgr. Vasi\u013e Andruch, DSc.<\/li><li>VVGS-PF-UPJ\u0160-2020-1404 V\u00fdvoj a aplik\u00e1cia nov\u00fdch perspekt\u00edvnych luminiscen\u010dn\u00fdch syst\u00e9mov v analytickej ch\u00e9mii (2020-2021), zodpovedn\u00fd rie\u0161ite\u013e: RNDr. J\u00e1n T\u00f3th, PhD.<\/li><li>VVGS-PF-2016-72630 Izol\u00e1cia a anal\u00fdza exopolysacharidov ako perspekt\u00edvnych potravinov\u00fdch bioadit\u00edv so synergick\u00fdm \u00fa\u010dinkom (2016-2017), zodpovedn\u00fd rie\u0161ite\u013e: RNDr. Martina Brud\u0148\u00e1kov\u00e1.<\/li><li>VVGS-PF-2017-262 Enantiosepar\u00e1cia vybran\u00fdch biologicky akt\u00edvnych l\u00e1tok a \u0161t\u00fadium mechanizmu chir\u00e1lneho rozl\u00ed\u0161enia met\u00f3dou molekulov\u00e9ho modelovania (2017-2018), zodpovedn\u00fd rie\u0161ite\u013e: Mgr. Oleksandr Kozlov.<\/li><li>VVGS UPJ\u0160-2014-189 DLLME ako prelomov\u00e1 met\u00f3da zakoncentrovania estrog\u00e9nov z komplexnej biologickej matrice (2015-2016), zodpovedn\u00fd rie\u0161ite\u013e: RNDr. Elena Kupcov\u00e1.<\/li><\/ol>\n\n\n\n<p><\/p>\n\n\n\n<hr class=\"wp-block-separator\"\/>\n\n\n\n<h2 class=\"has-text-align-center\">Projekty pre podporu cezhrani\u010dnej spolupr\u00e1ce<\/h2>\n\n\n\n<ol><li>Visegrad Fund V4EaP Scholarship Cloud point extraction and dispersive liquid-liquid microextraction coupled with spectroscopic technique for Vanadium speciation (2020-2021), rie\u0161ite\u013e\/prijat\u00fd hos\u0165: Anastasiia Klochkov\u00e1.  <\/li><li>Visegrad Fund V4EaP Scholarship V\u00fdvoj met\u00f3d luminiscen\u010dnej a sekven\u010dnej injek\u010dnej anal\u00fdzy zalo\u017een\u00fdch na tvorbe \u0161pecifick\u00fdch i\u00f3nov\u00fdch asocia\u010dn\u00fdch komplexov (2020-2021), rie\u0161ite\u013e\/prijat\u00fd hos\u0165: Arina Skok.<\/li><li>Visegrad Fund V4EaP Scholarship 51810283 Spektrofotometria zl\u00fa\u010den\u00edn deriv\u00e1tov 1-(5-Benzylthiazol-2-yl)azonaphthalen-2-ola s i\u00f3nmi prechodn\u00fdch kovov a ich aplik\u00e1cie v anal\u00fdze (2018-2019), rie\u0161ite\u013e\/prijat\u00fd hos\u0165: Orest Fedyshyn.<\/li><li>Visegrad Fund V4EaP Scholarship 51501697 Spectrophotometry investigation of acid-base properties of food dyes, 51501423 (2015-2016), rie\u0161ite\u013e\/prijat\u00fd hos\u0165: Kateryna Bevziuk.<\/li><li>Visegrad Fund V4EaP Scholarship 51501721 Spectrophotometry of 1-(5-benzylthiazol-2-yl)azonaphthalen-2-ol compounds with transition metal ions and their application in the analysis (2016), rie\u0161ite\u013e\/prijat\u00fd hos\u0165: Andrii Tupys.<\/li><li>Visegrad Fund V4aP Scholarship 51600237 (2016-2017), rie\u0161ite\u013e\/prijat\u00fd hos\u0165: Serhij Zruba.<\/li><\/ol>\n\n\n\n<p><\/p>\n\n\n\n<p class=\"has-text-align-center\">___<\/p>\n\n\n\n<ol><li>APVV mb SK-BG-2013-0003 Vyu\u017eitie i\u00f3nov\u00fdch asociatov v microextrak\u010dn\u00fdch technik\u00e1ch: vypracovanie postupov pre stanovenie vybran\u00fdch analytov (2016-2017), zodpovedn\u00fd rie\u0161ite\u013e: RNDr. Jana \u0160andrejov\u00e1, PhD.<\/li><\/ol>\n","protected":false},"excerpt":{"rendered":"<p>Aktu\u00e1lne rie\u0161en\u00e9 projekty APVV-24-0235 Pokrokov\u00e9 zelen\u00e9 mikroextrak\u010dn\u00e9 techniky: vyu\u017eitie pr\u00edrodn\u00fdch a biologick\u00fdch rozp\u00fa\u0161\u0165adiel, zodpovedn\u00fd rie\u0161ite\u013e za PF UPJ\u0160 v Ko\u0161iciach: prof. Mgr. [&hellip;]<\/p>\n","protected":false},"author":3,"featured_media":0,"parent":46,"menu_order":3,"comment_status":"closed","ping_status":"closed","template":"","meta":{"spay_email":""},"_links":{"self":[{"href":"https:\/\/analyticalchemistry.science.upjs.sk\/index.php?rest_route=\/wp\/v2\/pages\/47"}],"collection":[{"href":"https:\/\/analyticalchemistry.science.upjs.sk\/index.php?rest_route=\/wp\/v2\/pages"}],"about":[{"href":"https:\/\/analyticalchemistry.science.upjs.sk\/index.php?rest_route=\/wp\/v2\/types\/page"}],"author":[{"embeddable":true,"href":"https:\/\/analyticalchemistry.science.upjs.sk\/index.php?rest_route=\/wp\/v2\/users\/3"}],"replies":[{"embeddable":true,"href":"https:\/\/analyticalchemistry.science.upjs.sk\/index.php?rest_route=%2Fwp%2Fv2%2Fcomments&post=47"}],"version-history":[{"count":61,"href":"https:\/\/analyticalchemistry.science.upjs.sk\/index.php?rest_route=\/wp\/v2\/pages\/47\/revisions"}],"predecessor-version":[{"id":2945,"href":"https:\/\/analyticalchemistry.science.upjs.sk\/index.php?rest_route=\/wp\/v2\/pages\/47\/revisions\/2945"}],"up":[{"embeddable":true,"href":"https:\/\/analyticalchemistry.science.upjs.sk\/index.php?rest_route=\/wp\/v2\/pages\/46"}],"wp:attachment":[{"href":"https:\/\/analyticalchemistry.science.upjs.sk\/index.php?rest_route=%2Fwp%2Fv2%2Fmedia&parent=47"}],"curies":[{"name":"wp","href":"https:\/\/api.w.org\/{rel}","templated":true}]}}