{"id":46,"date":"2021-12-03T15:14:47","date_gmt":"2021-12-03T15:14:47","guid":{"rendered":"https:\/\/analyticalchemistry.science.upjs.sk\/?page_id=46"},"modified":"2024-02-05T17:10:36","modified_gmt":"2024-02-05T17:10:36","slug":"vyskum","status":"publish","type":"page","link":"https:\/\/analyticalchemistry.science.upjs.sk\/?page_id=46","title":{"rendered":"V\u00fdskum"},"content":{"rendered":"\n<div class=\"wp-block-group alignfull\"><div class=\"wp-block-group__inner-container\">\n<div class=\"wp-block-cover alignfull has-background-dim-30 has-background-dim\"><img loading=\"lazy\" width=\"2560\" height=\"1707\" class=\"wp-block-cover__image-background wp-image-1106\" alt=\"\" src=\"https:\/\/analyticalchemistry.science.upjs.sk\/wp-content\/uploads\/2022\/11\/pexels-ivan-samkov-9629684-scaled.jpg\" style=\"object-position:52% 80%\" data-object-fit=\"cover\" data-object-position=\"52% 80%\" srcset=\"https:\/\/analyticalchemistry.science.upjs.sk\/wp-content\/uploads\/2022\/11\/pexels-ivan-samkov-9629684-scaled.jpg 2560w, https:\/\/analyticalchemistry.science.upjs.sk\/wp-content\/uploads\/2022\/11\/pexels-ivan-samkov-9629684-300x200.jpg 300w, https:\/\/analyticalchemistry.science.upjs.sk\/wp-content\/uploads\/2022\/11\/pexels-ivan-samkov-9629684-1024x683.jpg 1024w, https:\/\/analyticalchemistry.science.upjs.sk\/wp-content\/uploads\/2022\/11\/pexels-ivan-samkov-9629684-768x512.jpg 768w, https:\/\/analyticalchemistry.science.upjs.sk\/wp-content\/uploads\/2022\/11\/pexels-ivan-samkov-9629684-1536x1024.jpg 1536w, https:\/\/analyticalchemistry.science.upjs.sk\/wp-content\/uploads\/2022\/11\/pexels-ivan-samkov-9629684-2048x1366.jpg 2048w, https:\/\/analyticalchemistry.science.upjs.sk\/wp-content\/uploads\/2022\/11\/pexels-ivan-samkov-9629684-900x600.jpg 900w, https:\/\/analyticalchemistry.science.upjs.sk\/wp-content\/uploads\/2022\/11\/pexels-ivan-samkov-9629684-500x333.jpg 500w\" sizes=\"(max-width: 2560px) 100vw, 2560px\" \/><div class=\"wp-block-cover__inner-container\">\n<div class=\"wp-block-group\"><div class=\"wp-block-group__inner-container\">\n<h1 class=\"is-style-default\">V\u00ddSKUM<\/h1>\n\n\n\n<hr class=\"wp-block-separator is-style-default\"\/>\n\n\n\n<p><\/p>\n<\/div><\/div>\n\n\n\n<h2 class=\"is-style-default\">Jednou z d\u00f4le\u017eit\u00fdch \u010dinnost\u00ed katedry je vedecko-v\u00fdskumn\u00e1 \u010dinnos\u0165, ktorej v\u00fdstupmi s\u00fa publik\u00e1cie v medzin\u00e1rodn\u00fdch vedeck\u00fdch \u010dasopisoch, \u00fa\u010das\u0165 na medzin\u00e1rodn\u00fdch konferenci\u00e1ch, rie\u0161enie vedecko-v\u00fdskumn\u00fdch projektov a spolupr\u00e1ca s viacer\u00fdmi zahrani\u010dn\u00fdmi a dom\u00e1cimi partnermi. <\/h2>\n<\/div><\/div>\n<\/div><\/div>\n\n\n\n<div class=\"wp-block-group\"><div class=\"wp-block-group__inner-container\">\n<div class=\"wp-block-group\"><div class=\"wp-block-group__inner-container\">\n<div class=\"wp-block-group\"><div class=\"wp-block-group__inner-container\">\n<p><\/p>\n\n\n\n<h2 class=\"has-text-align-center is-style-elsie-no-margins\">V\u00fdber z n\u00e1\u0161ho v\u00fdskumn\u00e9ho diania<\/h2>\n\n\n\n<div class=\"wp-block-columns\">\n<div class=\"wp-block-column\"><\/div>\n\n\n\n<div class=\"wp-block-column\">\n<hr class=\"wp-block-separator aligncenter is-style-default\"\/>\n<\/div>\n\n\n\n<div class=\"wp-block-column\"><\/div>\n<\/div>\n\n\n\n<p><\/p>\n<\/div><\/div>\n<\/div><\/div>\n<\/div><\/div>\n\n\n\n<div class=\"wp-block-columns\">\n<div class=\"wp-block-column\">\n<figure class=\"wp-block-image size-large is-style-default\"><img loading=\"lazy\" width=\"1024\" height=\"585\" src=\"https:\/\/analyticalchemistry.science.upjs.sk\/wp-content\/uploads\/2023\/01\/BeFunky-design_24-1-1024x585.png\" alt=\"\" class=\"wp-image-1819\" srcset=\"https:\/\/analyticalchemistry.science.upjs.sk\/wp-content\/uploads\/2023\/01\/BeFunky-design_24-1-1024x585.png 1024w, https:\/\/analyticalchemistry.science.upjs.sk\/wp-content\/uploads\/2023\/01\/BeFunky-design_24-1-300x172.png 300w, https:\/\/analyticalchemistry.science.upjs.sk\/wp-content\/uploads\/2023\/01\/BeFunky-design_24-1-768x439.png 768w, https:\/\/analyticalchemistry.science.upjs.sk\/wp-content\/uploads\/2023\/01\/BeFunky-design_24-1-900x515.png 900w, https:\/\/analyticalchemistry.science.upjs.sk\/wp-content\/uploads\/2023\/01\/BeFunky-design_24-1-500x286.png 500w, https:\/\/analyticalchemistry.science.upjs.sk\/wp-content\/uploads\/2023\/01\/BeFunky-design_24-1.png 1200w\" sizes=\"(max-width: 1024px) 100vw, 1024px\" \/><\/figure>\n\n\n\n<p class=\"has-text-align-center\"><strong>Pr\u00e1ce o hlboko eutektick\u00fdch rozp\u00fa\u0161\u0165adl\u00e1ch &#8211; najviac citovan\u00e9 na Web of Science<\/strong><\/p>\n\n\n\n<div class=\"wp-block-columns\">\n<div class=\"wp-block-column\" style=\"flex-basis:100%\">\n<div class=\"wp-block-columns\">\n<div class=\"wp-block-column\" style=\"flex-basis:100%\">\n<div class=\"wp-block-columns\">\n<div class=\"wp-block-column\" style=\"flex-basis:100%\">\n<div class=\"wp-block-columns\">\n<div class=\"wp-block-column\" style=\"flex-basis:100%\">\n<div class=\"wp-block-buttons is-content-justification-center\">\n<div class=\"wp-block-button\"><a class=\"wp-block-button__link\" href=\"https:\/\/analyticalchemistry.science.upjs.sk\/?p=1\">Viac<\/a><\/div>\n<\/div>\n<\/div>\n<\/div>\n\n\n\n<hr class=\"wp-block-separator is-style-default\"\/>\n<\/div>\n<\/div>\n<\/div>\n<\/div>\n<\/div>\n<\/div>\n<\/div>\n\n\n\n<div class=\"wp-block-column\">\n<figure class=\"wp-block-image size-large is-style-default\"><img loading=\"lazy\" width=\"1024\" height=\"587\" src=\"https:\/\/analyticalchemistry.science.upjs.sk\/wp-content\/uploads\/2023\/01\/Microchemical-yournal-1-1024x587.png\" alt=\"\" class=\"wp-image-1817\" srcset=\"https:\/\/analyticalchemistry.science.upjs.sk\/wp-content\/uploads\/2023\/01\/Microchemical-yournal-1-1024x587.png 1024w, https:\/\/analyticalchemistry.science.upjs.sk\/wp-content\/uploads\/2023\/01\/Microchemical-yournal-1-300x172.png 300w, https:\/\/analyticalchemistry.science.upjs.sk\/wp-content\/uploads\/2023\/01\/Microchemical-yournal-1-768x440.png 768w, https:\/\/analyticalchemistry.science.upjs.sk\/wp-content\/uploads\/2023\/01\/Microchemical-yournal-1-900x516.png 900w, https:\/\/analyticalchemistry.science.upjs.sk\/wp-content\/uploads\/2023\/01\/Microchemical-yournal-1-500x287.png 500w, https:\/\/analyticalchemistry.science.upjs.sk\/wp-content\/uploads\/2023\/01\/Microchemical-yournal-1.png 1200w\" sizes=\"(max-width: 1024px) 100vw, 1024px\" \/><\/figure>\n\n\n\n<p class=\"has-text-align-center\"><strong>Prep\u00ednate\u013en\u00e9 hydrofiln\u00e9 rozp\u00fa\u0161\u0165adl\u00e1 \u2013 \u201czelen\u0161ie\u201d alternat\u00edvy rozp\u00fa\u0161\u0165adiel<\/strong><\/p>\n\n\n\n<div class=\"wp-block-group\"><div class=\"wp-block-group__inner-container\">\n<div class=\"wp-block-columns\">\n<div class=\"wp-block-column\" style=\"flex-basis:100%\">\n<div class=\"wp-block-group\"><div class=\"wp-block-group__inner-container\">\n<div class=\"wp-block-columns\">\n<div class=\"wp-block-column\" style=\"flex-basis:100%\">\n<div class=\"wp-block-buttons is-content-justification-center\">\n<div class=\"wp-block-button\"><a class=\"wp-block-button__link\" href=\"https:\/\/analyticalchemistry.science.upjs.sk\/?p=597\" target=\"_blank\" rel=\"noreferrer noopener\">Viac<\/a><\/div>\n<\/div>\n<\/div>\n<\/div>\n\n\n\n<hr class=\"wp-block-separator is-style-default\"\/>\n<\/div><\/div>\n<\/div>\n<\/div>\n<\/div><\/div>\n<\/div>\n<\/div>\n\n\n\n<div class=\"wp-block-columns\">\n<div class=\"wp-block-column\" style=\"flex-basis:100%\">\n<div class=\"wp-block-columns\">\n<div class=\"wp-block-column\">\n<figure class=\"wp-block-image size-large is-style-default\"><img loading=\"lazy\" width=\"1024\" height=\"587\" src=\"https:\/\/analyticalchemistry.science.upjs.sk\/wp-content\/uploads\/2023\/01\/Jouranl-of-chromatografy-A-1024x587.png\" alt=\"\" class=\"wp-image-1809\" srcset=\"https:\/\/analyticalchemistry.science.upjs.sk\/wp-content\/uploads\/2023\/01\/Jouranl-of-chromatografy-A-1024x587.png 1024w, https:\/\/analyticalchemistry.science.upjs.sk\/wp-content\/uploads\/2023\/01\/Jouranl-of-chromatografy-A-300x172.png 300w, https:\/\/analyticalchemistry.science.upjs.sk\/wp-content\/uploads\/2023\/01\/Jouranl-of-chromatografy-A-768x440.png 768w, https:\/\/analyticalchemistry.science.upjs.sk\/wp-content\/uploads\/2023\/01\/Jouranl-of-chromatografy-A-900x516.png 900w, https:\/\/analyticalchemistry.science.upjs.sk\/wp-content\/uploads\/2023\/01\/Jouranl-of-chromatografy-A-500x287.png 500w, https:\/\/analyticalchemistry.science.upjs.sk\/wp-content\/uploads\/2023\/01\/Jouranl-of-chromatografy-A.png 1200w\" sizes=\"(max-width: 1024px) 100vw, 1024px\" \/><\/figure>\n\n\n\n<p class=\"has-text-align-center\"><strong>Biologick\u00e1 \u00fa\u010dinnos\u0165 enantiom\u00e9rov racemick\u00fdch zmes\u00ed<\/strong> <\/p>\n\n\n\n<div class=\"wp-block-columns\">\n<div class=\"wp-block-column\" style=\"flex-basis:100%\">\n<div class=\"wp-block-buttons is-content-justification-center\">\n<div class=\"wp-block-button\"><a class=\"wp-block-button__link\" href=\"https:\/\/analyticalchemistry.science.upjs.sk\/?p=764\">Viac<\/a><\/div>\n<\/div>\n<\/div>\n<\/div>\n\n\n\n<hr class=\"wp-block-separator aligncenter is-style-default\"\/>\n<\/div>\n\n\n\n<div class=\"wp-block-column\">\n<figure class=\"wp-block-image size-large is-style-default\"><img loading=\"lazy\" width=\"1024\" height=\"585\" src=\"https:\/\/analyticalchemistry.science.upjs.sk\/wp-content\/uploads\/2023\/01\/Blue-Gray-Frame-I-Have-a-Dream-MLK-Day-Instagram-Post-1-1024x585.png\" alt=\"\" class=\"wp-image-1994\" srcset=\"https:\/\/analyticalchemistry.science.upjs.sk\/wp-content\/uploads\/2023\/01\/Blue-Gray-Frame-I-Have-a-Dream-MLK-Day-Instagram-Post-1-1024x585.png 1024w, https:\/\/analyticalchemistry.science.upjs.sk\/wp-content\/uploads\/2023\/01\/Blue-Gray-Frame-I-Have-a-Dream-MLK-Day-Instagram-Post-1-300x172.png 300w, https:\/\/analyticalchemistry.science.upjs.sk\/wp-content\/uploads\/2023\/01\/Blue-Gray-Frame-I-Have-a-Dream-MLK-Day-Instagram-Post-1-768x439.png 768w, https:\/\/analyticalchemistry.science.upjs.sk\/wp-content\/uploads\/2023\/01\/Blue-Gray-Frame-I-Have-a-Dream-MLK-Day-Instagram-Post-1-900x515.png 900w, https:\/\/analyticalchemistry.science.upjs.sk\/wp-content\/uploads\/2023\/01\/Blue-Gray-Frame-I-Have-a-Dream-MLK-Day-Instagram-Post-1-500x286.png 500w, https:\/\/analyticalchemistry.science.upjs.sk\/wp-content\/uploads\/2023\/01\/Blue-Gray-Frame-I-Have-a-Dream-MLK-Day-Instagram-Post-1.png 1200w\" sizes=\"(max-width: 1024px) 100vw, 1024px\" \/><\/figure>\n\n\n\n<p class=\"has-text-align-center\"><strong>Medzin\u00e1rodn\u00e1 vedeck\u00e1 spolupr\u00e1ca vedie k v\u00fdznamn\u00fdm v\u00fdsledkom<\/strong><\/p>\n\n\n\n<div class=\"wp-block-columns\">\n<div class=\"wp-block-column\" style=\"flex-basis:100%\">\n<div class=\"wp-block-buttons is-content-justification-center\">\n<div class=\"wp-block-button\"><a class=\"wp-block-button__link\" href=\"https:\/\/analyticalchemistry.science.upjs.sk\/?p=1998\">Viac<\/a><\/div>\n<\/div>\n<\/div>\n<\/div>\n\n\n\n<hr class=\"wp-block-separator is-style-default\"\/>\n<\/div>\n<\/div>\n<\/div>\n<\/div>\n\n\n\n<p><\/p>\n","protected":false},"excerpt":{"rendered":"<p>V\u00fdber z n\u00e1\u0161ho v\u00fdskumn\u00e9ho diania Pr\u00e1ce o hlboko eutektick\u00fdch rozp\u00fa\u0161\u0165adl\u00e1ch &#8211; najviac citovan\u00e9 na Web of Science Prep\u00ednate\u013en\u00e9 hydrofiln\u00e9 rozp\u00fa\u0161\u0165adl\u00e1 \u2013 \u201czelen\u0161ie\u201d [&hellip;]<\/p>\n","protected":false},"author":3,"featured_media":0,"parent":0,"menu_order":0,"comment_status":"closed","ping_status":"closed","template":"","meta":{"spay_email":""},"_links":{"self":[{"href":"https:\/\/analyticalchemistry.science.upjs.sk\/index.php?rest_route=\/wp\/v2\/pages\/46"}],"collection":[{"href":"https:\/\/analyticalchemistry.science.upjs.sk\/index.php?rest_route=\/wp\/v2\/pages"}],"about":[{"href":"https:\/\/analyticalchemistry.science.upjs.sk\/index.php?rest_route=\/wp\/v2\/types\/page"}],"author":[{"embeddable":true,"href":"https:\/\/analyticalchemistry.science.upjs.sk\/index.php?rest_route=\/wp\/v2\/users\/3"}],"replies":[{"embeddable":true,"href":"https:\/\/analyticalchemistry.science.upjs.sk\/index.php?rest_route=%2Fwp%2Fv2%2Fcomments&post=46"}],"version-history":[{"count":65,"href":"https:\/\/analyticalchemistry.science.upjs.sk\/index.php?rest_route=\/wp\/v2\/pages\/46\/revisions"}],"predecessor-version":[{"id":2769,"href":"https:\/\/analyticalchemistry.science.upjs.sk\/index.php?rest_route=\/wp\/v2\/pages\/46\/revisions\/2769"}],"wp:attachment":[{"href":"https:\/\/analyticalchemistry.science.upjs.sk\/index.php?rest_route=%2Fwp%2Fv2%2Fmedia&parent=46"}],"curies":[{"name":"wp","href":"https:\/\/api.w.org\/{rel}","templated":true}]}}