{"id":452,"date":"2022-01-17T10:48:43","date_gmt":"2022-01-17T10:48:43","guid":{"rendered":"https:\/\/analyticalchemistry.science.upjs.sk\/?page_id=452"},"modified":"2023-01-15T18:26:21","modified_gmt":"2023-01-15T18:26:21","slug":"zameranie-katedry","status":"publish","type":"page","link":"https:\/\/analyticalchemistry.science.upjs.sk\/?page_id=452","title":{"rendered":"Zameranie katedry"},"content":{"rendered":"\n<div class=\"wp-block-cover alignfull has-background-dim-30 has-background-dim\"><img loading=\"lazy\" width=\"1828\" height=\"2560\" class=\"wp-block-cover__image-background wp-image-747\" alt=\"\" src=\"https:\/\/analyticalchemistry.science.upjs.sk\/wp-content\/uploads\/2022\/11\/pexels-rfstudio-3825578-scaled.jpg\" style=\"object-position:54% 36%\" data-object-fit=\"cover\" data-object-position=\"54% 36%\" srcset=\"https:\/\/analyticalchemistry.science.upjs.sk\/wp-content\/uploads\/2022\/11\/pexels-rfstudio-3825578-scaled.jpg 1828w, https:\/\/analyticalchemistry.science.upjs.sk\/wp-content\/uploads\/2022\/11\/pexels-rfstudio-3825578-214x300.jpg 214w, https:\/\/analyticalchemistry.science.upjs.sk\/wp-content\/uploads\/2022\/11\/pexels-rfstudio-3825578-731x1024.jpg 731w, https:\/\/analyticalchemistry.science.upjs.sk\/wp-content\/uploads\/2022\/11\/pexels-rfstudio-3825578-768x1075.jpg 768w, https:\/\/analyticalchemistry.science.upjs.sk\/wp-content\/uploads\/2022\/11\/pexels-rfstudio-3825578-1097x1536.jpg 1097w, https:\/\/analyticalchemistry.science.upjs.sk\/wp-content\/uploads\/2022\/11\/pexels-rfstudio-3825578-1463x2048.jpg 1463w, https:\/\/analyticalchemistry.science.upjs.sk\/wp-content\/uploads\/2022\/11\/pexels-rfstudio-3825578-900x1260.jpg 900w, https:\/\/analyticalchemistry.science.upjs.sk\/wp-content\/uploads\/2022\/11\/pexels-rfstudio-3825578-500x700.jpg 500w\" sizes=\"(max-width: 1828px) 100vw, 1828px\" \/><div class=\"wp-block-cover__inner-container\">\n<div class=\"wp-block-group\"><div class=\"wp-block-group__inner-container\">\n<div class=\"wp-block-group\"><div class=\"wp-block-group__inner-container\">\n<div class=\"wp-block-group\"><div class=\"wp-block-group__inner-container\">\n<div class=\"wp-block-group\"><div class=\"wp-block-group__inner-container\">\n<h1 class=\"has-text-align-left is-style-default\">V\u00ddSKUMN\u00c9 ZAMERANIE<\/h1>\n\n\n\n<hr class=\"wp-block-separator\"\/>\n<\/div><\/div>\n\n\n\n<p><\/p>\n<\/div><\/div>\n<\/div><\/div>\n\n\n\n<div class=\"wp-block-group\"><div class=\"wp-block-group__inner-container\">\n<h2 class=\"has-text-align-left is-style-elsie-no-margins\">Reagujeme na aktu\u00e1lne vedeck\u00e9 smerovanie vo svete.<\/h2>\n<\/div><\/div>\n<\/div><\/div>\n<\/div><\/div>\n\n\n\n<p>Zameriavame sa na v\u00fdskum v&nbsp;oblasti: <\/p>\n\n\n\n<ul><li><strong>UV-VIS spektrofotometrie, at\u00f3movej absorp\u010dnej spektrometrie a&nbsp;spektrofluorimetrie <\/strong>&#8211; v\u00fdvoj nov\u00fdch met\u00f3d na stanovenie vybran\u00fdch analytov anorganick\u00e9ho a&nbsp;organick\u00e9ho p\u00f4vodu v zlo\u017ek\u00e1ch \u017eivotn\u00e9ho prostredia, biologick\u00fdch tekutin\u00e1ch, farmaceutick\u00fdch pr\u00edpravkoch s&nbsp;vyu\u017eit\u00edm ekologicky prijate\u013en\u00fdch mikroextrak\u010dn\u00fdch postupov, inov\u00e1cie v&nbsp;oblasti automatiz\u00e1cie a miniaturiz\u00e1cie analytick\u00fdch postupov;<\/li><li><strong>kvapalinovej chromatografie<\/strong> &#8211; v\u00fdvoj nov\u00fdch analytick\u00fdch met\u00f3d a postupov na enantioselekt\u00edvnu separ\u00e1ciu syntetick\u00fdch biologicky akt\u00edvnych deriv\u00e1tov pr\u00edrodn\u00fdch l\u00e1tok, a&nbsp;bioakt\u00edvnych l\u00e1tok z oblasti steroidov, ako aj prebiot\u00edk a&nbsp;polyfenolov;<\/li><li><strong>plynovej chromatografie<\/strong> &#8211; v\u00fdvoj postupov na overovanie originality alkoholov\u00fdch destil\u00e1tov, detekcia benz\u00ednu vo forenzn\u00fdch vzork\u00e1ch, sk\u00famanie extrak\u010dn\u00fdch vlastnost\u00ed niektor\u00fdch nov\u00fdch nano\u0161trukt\u00farovan\u00fdch materi\u00e1lov.<\/li><\/ul>\n\n\n\n<hr class=\"wp-block-separator is-style-default\"\/>\n\n\n\n<h2 class=\"has-text-align-center\">Aktu\u00e1lne rie\u0161en\u00e9 v\u00fdskumn\u00e9 \u00falohy<\/h2>\n\n\n\n<ul><li>v\u00fdvoj a implement\u00e1cia inovat\u00edvnych postupov so zrete\u013eom na po\u017eiadavky zelenej ch\u00e9mie;<\/li><li>vyu\u017eitie alternat\u00edvnych rozp\u00fa\u0161\u0165adiel a zavedenie nov\u00fdch ekologicky prijate\u013en\u00fdch mikroextrak\u010dn\u00fdch postupov kompatibiln\u00fdch s\u00a0viacer\u00fdmi analytick\u00fdmi spektr\u00e1lnymi detek\u010dn\u00fdmi technikami;<\/li><li>in situ detekcia pomocou optickej sondy, v\u00fdvoj nov\u00fdch kinetick\u00fdch a\u00a0katalytick\u00fdch met\u00f3d so spektroskopickou detekciou;<\/li><li>v\u00fdvoj nov\u00fdch sch\u00e9m pre automatiz\u00e1ciu a miniaturiz\u00e1ciu analytick\u00fdch proced\u00far a ich aplik\u00e1cia na vypracovanie nov\u00fdch \u201ezelen\u00fdch\u201c postupov pre anal\u00fdzu rastlinn\u00fdch materi\u00e1lov, farmaceutick\u00fdch pr\u00edpravkov, biologick\u00fdch a environment\u00e1lnych vzoriek;<\/li><li>v\u00fdvoj analytick\u00fdch met\u00f3d pre stanovenie prvkov technikou GF-AAS s\u00a0mo\u017enos\u0165ou priameho d\u00e1vkovania neupravenej vzorky (vyu\u017eite\u013en\u00e9 v\u00a0oblasti environment\u00e1lnych vzorkov\u00fdch matr\u00edc, \u0165a\u017eko rozlo\u017eite\u013en\u00fdch, alebo \u00a0nestabiln\u00fdch vzoriek, biologick\u00fdch\u00a0 a\u00a0funk\u010dn\u00fdch materi\u00e1lov);<\/li><li>v\u00fdvoj analytick\u00fdch met\u00f3d pre celkov\u00fa a\u00a0\u0161pecia\u010dn\u00fa anal\u00fdzu prvkov technikou ORC-ICP-MS (vyu\u017eite\u013en\u00e9 v\u00a0oblasti ultrastopovej anal\u00fdzy environment\u00e1lnych vzorkov\u00fdch matr\u00edc, \u00a0nestabiln\u00fdch vzoriek, biologick\u00fdch a\u00a0funk\u010dn\u00fdch materi\u00e1lov);<\/li><li>v\u00fdvoj separa\u010dn\u00fdch met\u00f3d a\u00a0postupov s\u00a0vyu\u017eit\u00edm nov\u00fdch typov selekt\u00edvnych sorbentov a\u00a0viacrozmern\u00fdch separa\u010dn\u00fdch syst\u00e9mov v\u00a0anal\u00fdze biologicky v\u00fdznamn\u00fdch pr\u00edrodn\u00fdch, farmaceutick\u00fdch, syntetick\u00fdch analytov a ich prekurzorov; aplik\u00e1cia teoretick\u00fdch pr\u00edstupov modelovania v (enantio)separ\u00e1cii;<\/li><li>modifik\u00e1cia mikroextrak\u010dn\u00fdch postupov pre zefekt\u00edvnenie predsepara\u010dn\u00e9ho kroku v\u00a0oblasti anal\u00fdzy zauj\u00edmav\u00fdch bioakt\u00edvnych l\u00e1tok v\u00a0r\u00f4znych matriciach v\u00a0kombin\u00e1cii s\u00a0kvapalinov\u00fdmi chromatografick\u00fdmi technikami HPLC-UV a\u00a0TLC;<\/li><li>optimaliz\u00e1cia a\u00a0valid\u00e1cia vyvinut\u00fdch met\u00f3d anal\u00fdzy biologick\u00fdch vzoriek, farmaceutick\u00fdch prepar\u00e1tov,\u00a0rastl\u00edn, potrav\u00edn, v\u00f4d.<\/li><\/ul>\n","protected":false},"excerpt":{"rendered":"<p>Zameriavame sa na v\u00fdskum v&nbsp;oblasti: UV-VIS spektrofotometrie, at\u00f3movej absorp\u010dnej spektrometrie a&nbsp;spektrofluorimetrie &#8211; v\u00fdvoj nov\u00fdch met\u00f3d na stanovenie vybran\u00fdch analytov anorganick\u00e9ho a&nbsp;organick\u00e9ho p\u00f4vodu [&hellip;]<\/p>\n","protected":false},"author":3,"featured_media":0,"parent":46,"menu_order":0,"comment_status":"closed","ping_status":"closed","template":"","meta":{"spay_email":""},"_links":{"self":[{"href":"https:\/\/analyticalchemistry.science.upjs.sk\/index.php?rest_route=\/wp\/v2\/pages\/452"}],"collection":[{"href":"https:\/\/analyticalchemistry.science.upjs.sk\/index.php?rest_route=\/wp\/v2\/pages"}],"about":[{"href":"https:\/\/analyticalchemistry.science.upjs.sk\/index.php?rest_route=\/wp\/v2\/types\/page"}],"author":[{"embeddable":true,"href":"https:\/\/analyticalchemistry.science.upjs.sk\/index.php?rest_route=\/wp\/v2\/users\/3"}],"replies":[{"embeddable":true,"href":"https:\/\/analyticalchemistry.science.upjs.sk\/index.php?rest_route=%2Fwp%2Fv2%2Fcomments&post=452"}],"version-history":[{"count":29,"href":"https:\/\/analyticalchemistry.science.upjs.sk\/index.php?rest_route=\/wp\/v2\/pages\/452\/revisions"}],"predecessor-version":[{"id":2292,"href":"https:\/\/analyticalchemistry.science.upjs.sk\/index.php?rest_route=\/wp\/v2\/pages\/452\/revisions\/2292"}],"up":[{"embeddable":true,"href":"https:\/\/analyticalchemistry.science.upjs.sk\/index.php?rest_route=\/wp\/v2\/pages\/46"}],"wp:attachment":[{"href":"https:\/\/analyticalchemistry.science.upjs.sk\/index.php?rest_route=%2Fwp%2Fv2%2Fmedia&parent=452"}],"curies":[{"name":"wp","href":"https:\/\/api.w.org\/{rel}","templated":true}]}}