{"id":45,"date":"2021-12-03T15:14:47","date_gmt":"2021-12-03T15:14:47","guid":{"rendered":"https:\/\/analyticalchemistry.science.upjs.sk\/?page_id=45"},"modified":"2024-02-05T18:08:10","modified_gmt":"2024-02-05T18:08:10","slug":"studium","status":"publish","type":"page","link":"https:\/\/analyticalchemistry.science.upjs.sk\/?page_id=45","title":{"rendered":"\u0160t\u00fadium"},"content":{"rendered":"\n<div class=\"wp-block-cover alignfull has-background-dim-30 has-background-dim\"><img loading=\"lazy\" width=\"1920\" height=\"1280\" class=\"wp-block-cover__image-background wp-image-1523\" alt=\"\" src=\"https:\/\/analyticalchemistry.science.upjs.sk\/wp-content\/uploads\/2023\/01\/student-ge5cad491e_1920.jpg\" style=\"object-position:53% 2%\" data-object-fit=\"cover\" data-object-position=\"53% 2%\" srcset=\"https:\/\/analyticalchemistry.science.upjs.sk\/wp-content\/uploads\/2023\/01\/student-ge5cad491e_1920.jpg 1920w, https:\/\/analyticalchemistry.science.upjs.sk\/wp-content\/uploads\/2023\/01\/student-ge5cad491e_1920-300x200.jpg 300w, https:\/\/analyticalchemistry.science.upjs.sk\/wp-content\/uploads\/2023\/01\/student-ge5cad491e_1920-1024x683.jpg 1024w, https:\/\/analyticalchemistry.science.upjs.sk\/wp-content\/uploads\/2023\/01\/student-ge5cad491e_1920-768x512.jpg 768w, https:\/\/analyticalchemistry.science.upjs.sk\/wp-content\/uploads\/2023\/01\/student-ge5cad491e_1920-1536x1024.jpg 1536w, https:\/\/analyticalchemistry.science.upjs.sk\/wp-content\/uploads\/2023\/01\/student-ge5cad491e_1920-900x600.jpg 900w, https:\/\/analyticalchemistry.science.upjs.sk\/wp-content\/uploads\/2023\/01\/student-ge5cad491e_1920-500x333.jpg 500w\" sizes=\"(max-width: 1920px) 100vw, 1920px\" \/><div class=\"wp-block-cover__inner-container\">\n<h1>\u0160T\u00daDIUM<\/h1>\n\n\n\n<hr class=\"wp-block-separator is-style-default\"\/>\n\n\n\n<h2>Katedra analytickej ch\u00e9mie zabezpe\u010duje odborn\u00fa v\u00fdu\u010dbu pre bakal\u00e1rske \u0161t\u00fadium vr\u00e1mci \u0161tudijn\u00e9ho programu CH\u00c9MIA, BIOL\u00d3GIA a medziodborov\u00e9 \u0161t\u00fadium ch\u00e9mie, magistersk\u00e9 a doktorandsk\u00e9 \u0161tudijn\u00e9 programy v odbore ANALYTICK\u00c1 CH\u00c9MIA.  <\/h2>\n<\/div><\/div>\n\n\n\n<p>Dlhoro\u010dn\u00e9 sk\u00fasenosti n\u00e1m umo\u017enili vytvori\u0165 kvalitn\u00e9 \u0161tudijn\u00e9 programy, ktor\u00e9 sa sna\u017e\u00edme neust\u00e1le inovova\u0165 aj vzh\u013eadom na aktu\u00e1lnu potrebu pracovn\u00e9ho trhu. <\/p>\n\n\n\n<p>Na\u0161i \u0161tudenti maj\u00fa mo\u017enos\u0165 v\u00fdberu t\u00e9m z\u00e1vere\u010dnej pr\u00e1ce, ktor\u00e9 reflektuj\u00fa na aktu\u00e1lne vedeck\u00e9 dianie. Vr\u00e1mci z\u00e1vere\u010dn\u00fdch pr\u00e1c s\u00fa zap\u00e1jan\u00ed do v\u00fdskumnej pr\u00e1ce u\u017e na bakal\u00e1rskom stupni \u0161t\u00fadia a spolu so star\u0161\u00edmi kolegami na magisterskom resp. doktorandom \u0161t\u00fadiu sa st\u00e1vaj\u00fa s\u00fa\u010das\u0165ou kolekt\u00edvu katedry. Svoje z\u00e1vere\u010dn\u00e9 pr\u00e1ce m\u00f4\u017eu realizova\u0165 bu\u010f v laborat\u00f3ri\u00e1ch na katedre resp. v spolupr\u00e1ci s extern\u00fdmi dom\u00e1cimi \u010di zahrani\u010dn\u00fd pracoviskami.<\/p>\n\n\n\n<p>Samotn\u00ed \u0161tudenti sa spolupodie\u013eaj\u00fa aj na skvalit\u0148ovan\u00ed \u0161tudijn\u00fdch programov, a to prostredn\u00edctvom dotazn\u00edka <strong><span class=\"has-inline-color has-black-color\">hodnotenia v\u00fdu\u010dby \u0161tudentami.<\/span><\/strong><\/p>\n\n\n\n<p>Pri v\u00fdu\u010dbe vyu\u017e\u00edvame <strong><a rel=\"noreferrer noopener\" href=\"https:\/\/lms.upjs.sk\/\" data-type=\"URL\" data-id=\"https:\/\/lms.upjs.sk\/\" target=\"_blank\">e-learningov\u00fd port\u00e1l Univerzity Pavla Jozefa \u0160af\u00e1rika v Ko\u0161iciach,<\/a><\/strong> kde maj\u00fa \u0161tudenti zhroma\u017eden\u00e9 v\u0161etky potrebn\u00e9 materi\u00e1ly k \u0161t\u00fadiu.<\/p>\n\n\n\n<p>\u0160tudenti maj\u00fa po\u010das svojho \u0161t\u00fadia mo\u017enos\u0165 absolvova\u0165 \u0161t\u00fadijn\u00fd resp. v\u00fdskumn\u00fd pobyt na partnerskom pracovisku v zahrani\u010d\u00ed. Na pokrytie svojich \u017eivotn\u00fdch n\u00e1kladov m\u00f4\u017eu vyu\u017ei\u0165 r\u00f4zne \u0161tipendijn\u00e9 programy. Z\u00e1kladn\u00fdm cie\u013eom tejto medzin\u00e1rodnej spolupr\u00e1ce a mobility je umo\u017eni\u0165 im zvy\u0161ova\u0165 kvalitu a relevantnos\u0165 svojich aktiv\u00edt, rozv\u00edja\u0165 a posil\u0148ova\u0165 internacionaliz\u00e1ciu svojich aktiv\u00edt, a to prostredn\u00edctvom v\u00fdmeny alebo vypracovania nov\u00fdch postupov a met\u00f3d, ako aj v\u00fdmeny a porovn\u00e1vania n\u00e1padov.<\/p>\n\n\n\n<p>Mobilitn\u00e9 programy sl\u00fa\u017eia na podporu mobil\u00edt nielen \u0161tudentom a doktorandom, ale aj vysoko\u0161kolsk\u00fdm u\u010dite\u013eom a v\u00fdskumn\u00fdm pracovn\u00edkom. Viac inform\u00e1ci\u00ed na <a href=\"https:\/\/www.upjs.sk\/informacie\/medzinarodne-vztahy\/\" data-type=\"URL\" data-id=\"https:\/\/www.upjs.sk\/informacie\/medzinarodne-vztahy\/\" target=\"_blank\" rel=\"noreferrer noopener\"><strong>str\u00e1nke univerzity.<\/strong><\/a><\/p>\n\n\n\n<p><\/p>\n\n\n\n<p><\/p>\n\n\n\n<div class=\"wp-block-columns\">\n<div class=\"wp-block-column is-vertically-aligned-top\">\n<div class=\"wp-block-columns\">\n<div class=\"wp-block-column\" style=\"flex-basis:100%\">\n<div class=\"wp-block-columns\">\n<div class=\"wp-block-column is-vertically-aligned-top\" style=\"flex-basis:100%\">\n<figure class=\"wp-block-image size-medium is-style-default\"><a href=\"https:\/\/analyticalchemistry.science.upjs.sk\/?page_id=391\"><img loading=\"lazy\" width=\"1737\" height=\"1302\" src=\"https:\/\/analyticalchemistry.science.upjs.sk\/wp-content\/uploads\/2023\/01\/students-gac777e639_1920-edited.jpg\" alt=\"\" class=\"wp-image-2314\" srcset=\"https:\/\/analyticalchemistry.science.upjs.sk\/wp-content\/uploads\/2023\/01\/students-gac777e639_1920-edited.jpg 1737w, https:\/\/analyticalchemistry.science.upjs.sk\/wp-content\/uploads\/2023\/01\/students-gac777e639_1920-edited-300x225.jpg 300w, https:\/\/analyticalchemistry.science.upjs.sk\/wp-content\/uploads\/2023\/01\/students-gac777e639_1920-edited-1024x768.jpg 1024w, https:\/\/analyticalchemistry.science.upjs.sk\/wp-content\/uploads\/2023\/01\/students-gac777e639_1920-edited-768x576.jpg 768w, https:\/\/analyticalchemistry.science.upjs.sk\/wp-content\/uploads\/2023\/01\/students-gac777e639_1920-edited-1536x1151.jpg 1536w, https:\/\/analyticalchemistry.science.upjs.sk\/wp-content\/uploads\/2023\/01\/students-gac777e639_1920-edited-900x675.jpg 900w, https:\/\/analyticalchemistry.science.upjs.sk\/wp-content\/uploads\/2023\/01\/students-gac777e639_1920-edited-500x375.jpg 500w\" sizes=\"(max-width: 1737px) 100vw, 1737px\" \/><\/a><\/figure>\n\n\n\n<p><\/p>\n\n\n\n<div class=\"wp-block-group\"><div class=\"wp-block-group__inner-container\">\n<div class=\"wp-block-buttons is-content-justification-center\">\n<div class=\"wp-block-button has-custom-width wp-block-button__width-100\"><a class=\"wp-block-button__link\" href=\"https:\/\/analyticalchemistry.science.upjs.sk\/?page_id=391\">BAKAL\u00c1RSKE \u0160T\u00daDIUM<\/a><\/div>\n<\/div>\n<\/div><\/div>\n\n\n\n<hr class=\"wp-block-separator is-style-default\"\/>\n<\/div>\n<\/div>\n<\/div>\n<\/div>\n<\/div>\n\n\n\n<div class=\"wp-block-column\">\n<div class=\"wp-block-image is-style-default\"><figure class=\"aligncenter size-medium\"><a href=\"https:\/\/analyticalchemistry.science.upjs.sk\/?page_id=78\"><img loading=\"lazy\" width=\"1282\" height=\"960\" src=\"https:\/\/analyticalchemistry.science.upjs.sk\/wp-content\/uploads\/2023\/01\/books-gffb80b46b_1920-edited-1.jpg\" alt=\"\" class=\"wp-image-2306\" srcset=\"https:\/\/analyticalchemistry.science.upjs.sk\/wp-content\/uploads\/2023\/01\/books-gffb80b46b_1920-edited-1.jpg 1282w, https:\/\/analyticalchemistry.science.upjs.sk\/wp-content\/uploads\/2023\/01\/books-gffb80b46b_1920-edited-1-300x225.jpg 300w, https:\/\/analyticalchemistry.science.upjs.sk\/wp-content\/uploads\/2023\/01\/books-gffb80b46b_1920-edited-1-1024x767.jpg 1024w, https:\/\/analyticalchemistry.science.upjs.sk\/wp-content\/uploads\/2023\/01\/books-gffb80b46b_1920-edited-1-768x575.jpg 768w, https:\/\/analyticalchemistry.science.upjs.sk\/wp-content\/uploads\/2023\/01\/books-gffb80b46b_1920-edited-1-900x674.jpg 900w, https:\/\/analyticalchemistry.science.upjs.sk\/wp-content\/uploads\/2023\/01\/books-gffb80b46b_1920-edited-1-500x374.jpg 500w\" sizes=\"(max-width: 1282px) 100vw, 1282px\" \/><\/a><\/figure><\/div>\n\n\n\n<div class=\"wp-block-group\"><div class=\"wp-block-group__inner-container\">\n<div class=\"wp-block-columns\">\n<div class=\"wp-block-column\" style=\"flex-basis:100%\">\n<div class=\"wp-block-buttons is-content-justification-center\">\n<div class=\"wp-block-button has-custom-width wp-block-button__width-100 is-style-fill\"><a class=\"wp-block-button__link\" href=\"https:\/\/analyticalchemistry.science.upjs.sk\/?page_id=78\">MAGISTERSK\u00c9 \u0160T\u00daDIUM<\/a><\/div>\n<\/div>\n\n\n\n<hr class=\"wp-block-separator is-style-default\"\/>\n<\/div>\n<\/div>\n<\/div><\/div>\n<\/div>\n\n\n\n<div class=\"wp-block-column\">\n<div class=\"wp-block-image is-style-default\"><figure class=\"aligncenter size-medium\"><a href=\"https:\/\/analyticalchemistry.science.upjs.sk\/?page_id=79\"><img loading=\"lazy\" width=\"1826\" height=\"1370\" src=\"https:\/\/analyticalchemistry.science.upjs.sk\/wp-content\/uploads\/2023\/01\/experiment-gf51cacdf6_1920-edited.jpg\" alt=\"\" class=\"wp-image-2303\" srcset=\"https:\/\/analyticalchemistry.science.upjs.sk\/wp-content\/uploads\/2023\/01\/experiment-gf51cacdf6_1920-edited.jpg 1826w, https:\/\/analyticalchemistry.science.upjs.sk\/wp-content\/uploads\/2023\/01\/experiment-gf51cacdf6_1920-edited-300x225.jpg 300w, https:\/\/analyticalchemistry.science.upjs.sk\/wp-content\/uploads\/2023\/01\/experiment-gf51cacdf6_1920-edited-1024x768.jpg 1024w, https:\/\/analyticalchemistry.science.upjs.sk\/wp-content\/uploads\/2023\/01\/experiment-gf51cacdf6_1920-edited-768x576.jpg 768w, https:\/\/analyticalchemistry.science.upjs.sk\/wp-content\/uploads\/2023\/01\/experiment-gf51cacdf6_1920-edited-1536x1152.jpg 1536w, https:\/\/analyticalchemistry.science.upjs.sk\/wp-content\/uploads\/2023\/01\/experiment-gf51cacdf6_1920-edited-900x675.jpg 900w, https:\/\/analyticalchemistry.science.upjs.sk\/wp-content\/uploads\/2023\/01\/experiment-gf51cacdf6_1920-edited-500x375.jpg 500w\" sizes=\"(max-width: 1826px) 100vw, 1826px\" \/><\/a><\/figure><\/div>\n\n\n\n<div class=\"wp-block-columns\">\n<div class=\"wp-block-column\" style=\"flex-basis:100%\">\n<div class=\"wp-block-buttons is-content-justification-space-between\">\n<div class=\"wp-block-button has-custom-width wp-block-button__width-100\"><a class=\"wp-block-button__link\" href=\"https:\/\/analyticalchemistry.science.upjs.sk\/?page_id=79\">DOKTORANDSK\u00c9 \u0160T\u00daDIUM<\/a><\/div>\n<\/div>\n\n\n\n<hr class=\"wp-block-separator is-style-default\"\/>\n<\/div>\n<\/div>\n<\/div>\n<\/div>\n\n\n\n<p><\/p>\n","protected":false},"excerpt":{"rendered":"<p>Dlhoro\u010dn\u00e9 sk\u00fasenosti n\u00e1m umo\u017enili vytvori\u0165 kvalitn\u00e9 \u0161tudijn\u00e9 programy, ktor\u00e9 sa sna\u017e\u00edme neust\u00e1le inovova\u0165 aj vzh\u013eadom na aktu\u00e1lnu potrebu pracovn\u00e9ho trhu. Na\u0161i \u0161tudenti [&hellip;]<\/p>\n","protected":false},"author":3,"featured_media":0,"parent":0,"menu_order":3,"comment_status":"closed","ping_status":"closed","template":"","meta":{"spay_email":""},"_links":{"self":[{"href":"https:\/\/analyticalchemistry.science.upjs.sk\/index.php?rest_route=\/wp\/v2\/pages\/45"}],"collection":[{"href":"https:\/\/analyticalchemistry.science.upjs.sk\/index.php?rest_route=\/wp\/v2\/pages"}],"about":[{"href":"https:\/\/analyticalchemistry.science.upjs.sk\/index.php?rest_route=\/wp\/v2\/types\/page"}],"author":[{"embeddable":true,"href":"https:\/\/analyticalchemistry.science.upjs.sk\/index.php?rest_route=\/wp\/v2\/users\/3"}],"replies":[{"embeddable":true,"href":"https:\/\/analyticalchemistry.science.upjs.sk\/index.php?rest_route=%2Fwp%2Fv2%2Fcomments&post=45"}],"version-history":[{"count":112,"href":"https:\/\/analyticalchemistry.science.upjs.sk\/index.php?rest_route=\/wp\/v2\/pages\/45\/revisions"}],"predecessor-version":[{"id":2794,"href":"https:\/\/analyticalchemistry.science.upjs.sk\/index.php?rest_route=\/wp\/v2\/pages\/45\/revisions\/2794"}],"wp:attachment":[{"href":"https:\/\/analyticalchemistry.science.upjs.sk\/index.php?rest_route=%2Fwp%2Fv2%2Fmedia&parent=45"}],"curies":[{"name":"wp","href":"https:\/\/api.w.org\/{rel}","templated":true}]}}