{"id":405,"date":"2022-01-14T10:53:28","date_gmt":"2022-01-14T10:53:28","guid":{"rendered":"https:\/\/analyticalchemistry.science.upjs.sk\/?page_id=405"},"modified":"2025-09-24T07:02:35","modified_gmt":"2025-09-24T07:02:35","slug":"absolventi","status":"publish","type":"page","link":"https:\/\/analyticalchemistry.science.upjs.sk\/?page_id=405","title":{"rendered":"Absolventi"},"content":{"rendered":"\n<div class=\"wp-block-cover alignfull has-background-dim-30 has-background-dim\"><img loading=\"lazy\" width=\"1920\" height=\"1280\" class=\"wp-block-cover__image-background wp-image-1575\" alt=\"\" src=\"https:\/\/analyticalchemistry.science.upjs.sk\/wp-content\/uploads\/2023\/01\/woman-g6892a17fc_1920.jpg\" style=\"object-position:53% 57%\" data-object-fit=\"cover\" data-object-position=\"53% 57%\" srcset=\"https:\/\/analyticalchemistry.science.upjs.sk\/wp-content\/uploads\/2023\/01\/woman-g6892a17fc_1920.jpg 1920w, https:\/\/analyticalchemistry.science.upjs.sk\/wp-content\/uploads\/2023\/01\/woman-g6892a17fc_1920-300x200.jpg 300w, https:\/\/analyticalchemistry.science.upjs.sk\/wp-content\/uploads\/2023\/01\/woman-g6892a17fc_1920-1024x683.jpg 1024w, https:\/\/analyticalchemistry.science.upjs.sk\/wp-content\/uploads\/2023\/01\/woman-g6892a17fc_1920-768x512.jpg 768w, https:\/\/analyticalchemistry.science.upjs.sk\/wp-content\/uploads\/2023\/01\/woman-g6892a17fc_1920-1536x1024.jpg 1536w, https:\/\/analyticalchemistry.science.upjs.sk\/wp-content\/uploads\/2023\/01\/woman-g6892a17fc_1920-900x600.jpg 900w, https:\/\/analyticalchemistry.science.upjs.sk\/wp-content\/uploads\/2023\/01\/woman-g6892a17fc_1920-500x333.jpg 500w\" sizes=\"(max-width: 1920px) 100vw, 1920px\" \/><div class=\"wp-block-cover__inner-container\">\n<h1>ABSOLVENTI<\/h1>\n\n\n\n<hr class=\"wp-block-separator\"\/>\n\n\n\n<h2>\u0160irok\u00e9 uplatnenie nielen v chemickom priemysle ale aj v&nbsp;energetike, v r\u00f4znych ekologick\u00fdch a klinick\u00fdch, prev\u00e1dzkov\u00fdch alebo v\u00fdskumn\u00fdch laborat\u00f3ri\u00e1ch resp. v rezorte \u0161kolstva.<\/h2>\n<\/div><\/div>\n\n\n\n<p>Analytick\u00e1 ch\u00e9mia z\u00edskava \u00fadaje o zlo\u017een\u00ed r\u00f4znych l\u00e1tok a tie\u017e vyv\u00edja sp\u00f4soby zis\u0165ovania tohto zlo\u017eenia. To je z\u00e1kladom pre v\u0161etky oblasti ch\u00e9mie ale aj inde. Na\u0161i absolventi tak nach\u00e1dzaj\u00fa uplatnenie v oblasti:<\/p>\n\n\n\n<ul><li>chemickej a potravin\u00e1rskej v\u00fdroby \u2013 chemick\u00e1 kontrola surov\u00edn a produktov, kontrola kvality, p\u00f4vodu a bezpe\u010dnosti potravin\u00e1rskych produktov;<\/li><li>\u017eivotn\u00e9ho prostredia \u2013 monitoring \u0161kodliv\u00fdch l\u00e1tok vo vod\u00e1ch, p\u00f4dach a ovzdu\u0161\u00ed;<\/li><li>klinickej a farmaceutickej anal\u00fdzy \u2013 ur\u010dovanie klinicko-biochemick\u00fdch parametrov, kontrola kvality lie\u010diva, lek\u00e1rensk\u00fdch produktov a v\u00fd\u017eivov\u00fdch doplnkov;<\/li><li>\u0161irok\u00e9ho spektra chemick\u00fdch sk\u00fa\u0161obn\u00fdch laborat\u00f3ri\u00ed v r\u00e1mci r\u00f4znych in\u0161tit\u00faci\u00ed \u0161t\u00e1tnej spr\u00e1vy, kontroln\u00e9ho s\u00fakromn\u00e9ho sektora, ako aj v laborat\u00f3ri\u00e1ch v\u00fdrobn\u00fdch podnikov.<\/li><\/ul>\n\n\n\n<hr class=\"wp-block-separator is-style-default\"\/>\n\n\n\n<div class=\"wp-block-group\"><div class=\"wp-block-group__inner-container\"><\/div><\/div>\n\n\n\n<h3 class=\"has-text-align-center\">Aktu\u00e1lne p\u00f4sobenie na\u0161ich absolventov<\/h3>\n\n\n\n<ul><li>\u0160t\u00e1tny geologick\u00fd \u00fastav Dion\u00fdza \u0160t\u00fara, Geoanalytick\u00e9 laborat\u00f3ri\u00e1 v Spi\u0161skej Novej Vsi<\/li><li>GEOLAB s.r.o., laborat\u00f3rium anal\u00fdzy v\u00f4d a zem\u00edn, Ko\u0161ice<\/li><li>Slovensk\u00e9 elektr\u00e1rne, Vojany<\/li><li>V\u00fdskumn\u00fd \u00fastav chemick\u00fdch vl\u00e1kien, Svit<\/li><li>Mikrochem, Pezinok<\/li><li>SHIMADZU SLOVAKIA<\/li><li>Klinick\u00e9 laborat\u00f3rium Elblab GmbH Zentrum f\u00fcr Labormedizin Mei\u00dfen, Riesa, Radebeul, Nemecko<\/li><li>Univerzita veterin\u00e1rskeho lek\u00e1rstva a farm\u00e1cie v&nbsp;Ko\u0161iciach<\/li><li>\u00dastav lek\u00e1rskej a klinickej biofyziky LF UPJ\u0160 v Ko\u0161iciach<\/li><li>\u010cesk\u00e1 po\u013enohospod\u00e1rska univerzita v&nbsp;Prahe, \u010cR a i.<\/li><\/ul>\n\n\n\n<hr class=\"wp-block-separator\"\/>\n\n\n\n<h2 class=\"has-text-align-center\">Blog na\u0161ich absolventov &#8211;<br>hovoria o na\u0161om pracovisku a kde sa uplatnili po \u0161t\u00fadiu.<\/h2>\n\n\n\n<div class=\"wp-block-columns\">\n<div class=\"wp-block-column\"><\/div>\n\n\n\n<div class=\"wp-block-column\">\n<hr class=\"wp-block-separator aligncenter is-style-default\"\/>\n<\/div>\n\n\n\n<div class=\"wp-block-column\"><\/div>\n<\/div>\n\n\n\n<div class=\"wp-block-columns\">\n<div class=\"wp-block-column\" style=\"flex-basis:100%\">\n<div class=\"wp-block-columns\">\n<div class=\"wp-block-column\">\n<div class=\"wp-block-image is-style-rounded\"><figure class=\"aligncenter size-medium\"><img loading=\"lazy\" width=\"300\" height=\"300\" src=\"https:\/\/analyticalchemistry.science.upjs.sk\/wp-content\/uploads\/2023\/01\/BeFunky-design-300x300.jpg\" alt=\"\" class=\"wp-image-2295\" srcset=\"https:\/\/analyticalchemistry.science.upjs.sk\/wp-content\/uploads\/2023\/01\/BeFunky-design-300x300.jpg 300w, https:\/\/analyticalchemistry.science.upjs.sk\/wp-content\/uploads\/2023\/01\/BeFunky-design-1024x1024.jpg 1024w, https:\/\/analyticalchemistry.science.upjs.sk\/wp-content\/uploads\/2023\/01\/BeFunky-design-150x150.jpg 150w, https:\/\/analyticalchemistry.science.upjs.sk\/wp-content\/uploads\/2023\/01\/BeFunky-design-768x768.jpg 768w, https:\/\/analyticalchemistry.science.upjs.sk\/wp-content\/uploads\/2023\/01\/BeFunky-design-900x900.jpg 900w, https:\/\/analyticalchemistry.science.upjs.sk\/wp-content\/uploads\/2023\/01\/BeFunky-design-500x500.jpg 500w, https:\/\/analyticalchemistry.science.upjs.sk\/wp-content\/uploads\/2023\/01\/BeFunky-design.jpg 1200w\" sizes=\"(max-width: 300px) 100vw, 300px\" \/><figcaption><br><span class=\"has-inline-color has-black-color\"> V roku 2015 nast\u00fapila na doktorandsk\u00e9 \u0161t\u00fadium na Katedru analytickej ch\u00e9mie na PF UPJ\u0160 v Ko\u0161iciach. V r\u00e1mci tohto \u0161t\u00fadia sa z\u00fa\u010dastnila v \u0161tyroch zahrani\u010dn\u00fdch pobytoch v \u0160panielsku, Taliansku, Ma\u010farsku a \u010cesku. Ihne\u010f po obh\u00e1jen\u00ed dizerta\u010dnej pr\u00e1ce (r. 2019) nast\u00fapila na poz\u00edciu PostDok na \u010ceskej po\u013enohospod\u00e1rskej univerzite v Prahe. Celkovo je spoluautorkou viac ako 30 \u010dl\u00e1nkov v medzin\u00e1rodn\u00fdch odborn\u00fdch \u010dasopisoch.<\/span><br><em><span class=\"has-inline-color has-black-color\"><em><br>\u201eK z\u00edskaniu pr\u00e1ce mi pomohla pr\u00e1ve sk\u00fasenos\u0165, ktor\u00fa som dostala na Pr\u00edrodovedeckej Fakulte. \u0160t\u00fadium mi pomohol objavi\u0165 v\u0161estrannos\u0165 vedy v oblasti analytickej ch\u00e9mie a n\u00e1js\u0165 svoje ob\u013e\u00faben\u00e9 odvetvie. Ka\u017ed\u00fd nov\u00fd projekt mi otvoril nov\u00e9 pr\u00edle\u017eitosti a znalosti pr\u00e1ce s prvotriednymi zariadeniami. Jeden z projektov v ktorom som sa z\u00fa\u010dastnila bol zameran\u00fd na v\u00fdvoj met\u00f3d pre anal\u00fdzu rastl\u00edn. A pr\u00e1ve t\u00e1to t\u00e9ma sa pre m\u0148a stala nato\u013eko atrakt\u00edvnou, \u017ee som sa svoj \u010fal\u0161\u00ed vedeck\u00fd v\u00fdskum rozhodla zamera\u0165 na anal\u00fdzu bio-\u00fa\u010dinn\u00fdch l\u00e1tok v rastlinn\u00fdch materi\u00e1loch na \u010cZU v Prahe. Moje ve\u013ek\u00e9 po\u010fakovanie patr\u00ed profesorom a vychov\u00e1vate\u013eom UPJ\u0160 za v\u0161etky pr\u00edle\u017eitosti, ktor\u00e9 mi boli poskytnut\u00e9 po\u010das \u0161t\u00fadia, v\u00fdznamn\u00fa pomoc, cenn\u00e9 rady a podporu.\u201c<\/em><\/span><\/em><br><br><span class=\"has-inline-color has-black-color\"><strong>Vedeck\u00fd pracovn\u00edk, \u010cesk\u00e1 po\u013enohospod\u00e1rska univerzita v Prahe<\/strong><br>&#8212;<br><strong>Absolventka doktorandsk\u00e9ho \u0161t\u00fadia<\/strong><\/span><\/figcaption><\/figure><\/div>\n\n\n\n<hr class=\"wp-block-separator aligncenter is-style-default\"\/>\n<\/div>\n\n\n\n<div class=\"wp-block-column\">\n<div class=\"wp-block-image is-style-rounded\"><figure class=\"aligncenter size-medium\"><img loading=\"lazy\" width=\"300\" height=\"300\" src=\"https:\/\/analyticalchemistry.science.upjs.sk\/wp-content\/uploads\/2023\/01\/BeFunky-design1-300x300.jpg\" alt=\"\" class=\"wp-image-2296\" srcset=\"https:\/\/analyticalchemistry.science.upjs.sk\/wp-content\/uploads\/2023\/01\/BeFunky-design1-300x300.jpg 300w, https:\/\/analyticalchemistry.science.upjs.sk\/wp-content\/uploads\/2023\/01\/BeFunky-design1-1024x1024.jpg 1024w, https:\/\/analyticalchemistry.science.upjs.sk\/wp-content\/uploads\/2023\/01\/BeFunky-design1-150x150.jpg 150w, https:\/\/analyticalchemistry.science.upjs.sk\/wp-content\/uploads\/2023\/01\/BeFunky-design1-768x768.jpg 768w, https:\/\/analyticalchemistry.science.upjs.sk\/wp-content\/uploads\/2023\/01\/BeFunky-design1-900x900.jpg 900w, https:\/\/analyticalchemistry.science.upjs.sk\/wp-content\/uploads\/2023\/01\/BeFunky-design1-500x500.jpg 500w, https:\/\/analyticalchemistry.science.upjs.sk\/wp-content\/uploads\/2023\/01\/BeFunky-design1.jpg 1200w\" sizes=\"(max-width: 300px) 100vw, 300px\" \/><figcaption><br><span class=\"has-inline-color has-black-color\">\u0160t\u00fadium na Pr\u00edrodovedeckej fakulte ukon\u010dila obhajobou diplomovej pr\u00e1ce na Katedre analytickej ch\u00e9mie v r. 2009 pod trpezliv\u00fdm veden\u00edm prof. Dr. Yaroslava Baze\u013ea, DrSc.<br><br><em>\u201eSvoje vedomosti z analytickej ch\u00e9mie teraz \u00faro\u010d\u00edm vo svojom aktu\u00e1lnom zamestnan\u00ed. A v\u010faka svojmu vzdelaniu a pr\u00e1ci m\u00e1m mo\u017enos\u0165 stret\u00e1va\u0165 \u00fa\u017easn\u00fdch a in\u0161pirat\u00edvnych \u013eud\u00ed a spozn\u00e1va\u0165 nov\u00e9 miesta a pracovisk\u00e1. Mala som napr. mo\u017enos\u0165 zozn\u00e1mi\u0165 sa s prof. Dr. Benom L. Feringom, dr\u017eite\u013eom Nobelovej ceny z r. 2016 za ch\u00e9miu. Ale ve\u013emi ma tie\u017e te\u0161\u00ed, ke\u010f stret\u00e1vam mlad\u00fdch \u0161ikovn\u00fdch vedcov-\u0161tudentov. No a st\u00e1le sa ve\u013emi rada vraciam na svoju Alma mater, kde stret\u00e1vam b\u00fdval\u00fdch u\u010dite\u013eov \u010di spolu\u017eiakov a je to zaka\u017ed\u00fdm ve\u013emi mil\u00e9 stretnutie. Nav\u0161tevujem star\u00e9 pracovisk\u00e1 s du\u0161ou, ale i najmodernej\u0161ie laborat\u00f3ri\u00e1. Spozn\u00e1vam rodn\u00e9 Slovensko aj zahrani\u010die.<\/em><br><em>Aj ke\u010f som po n\u00e1stupe na V\u0160 e\u0161te presne nevedela, \u010do chcem v \u017eivote robi\u0165, teraz som rada, \u017ee v\u010faka svojej pr\u00e1ci umo\u017e\u0148ujem vedcom b\u00e1da\u0165 a objavova\u0165 pomocou na\u0161ich analytick\u00fdch pr\u00edstrojov.<br>Svojej Alma mater som preto ve\u013emi v\u010fa\u010dn\u00e1 za dobr\u00fd \u0161tart do kari\u00e9rneho \u017eivota!\u201c<\/em><br><br><strong> <strong>Business specialist, SHIMADZU SLOVAKIA, org. zlo\u017eka<\/strong><br>&#8212;<br><strong>Absolventka magistersk\u00e9ho \u0161t\u00fadia<\/strong> <\/strong><\/span><\/figcaption><\/figure><\/div>\n\n\n\n<hr class=\"wp-block-separator aligncenter is-style-default\"\/>\n<\/div>\n<\/div>\n<\/div>\n<\/div>\n\n\n\n<div class=\"wp-block-columns\">\n<div class=\"wp-block-column\">\n<div class=\"wp-block-image is-style-rounded\"><figure class=\"aligncenter size-medium\"><img loading=\"lazy\" width=\"300\" height=\"300\" src=\"https:\/\/analyticalchemistry.science.upjs.sk\/wp-content\/uploads\/2023\/01\/BeFunky-design6-300x300.png\" alt=\"\" class=\"wp-image-2187\" srcset=\"https:\/\/analyticalchemistry.science.upjs.sk\/wp-content\/uploads\/2023\/01\/BeFunky-design6-300x300.png 300w, https:\/\/analyticalchemistry.science.upjs.sk\/wp-content\/uploads\/2023\/01\/BeFunky-design6-1024x1024.png 1024w, https:\/\/analyticalchemistry.science.upjs.sk\/wp-content\/uploads\/2023\/01\/BeFunky-design6-150x150.png 150w, https:\/\/analyticalchemistry.science.upjs.sk\/wp-content\/uploads\/2023\/01\/BeFunky-design6-768x768.png 768w, https:\/\/analyticalchemistry.science.upjs.sk\/wp-content\/uploads\/2023\/01\/BeFunky-design6-900x900.png 900w, https:\/\/analyticalchemistry.science.upjs.sk\/wp-content\/uploads\/2023\/01\/BeFunky-design6-500x500.png 500w, https:\/\/analyticalchemistry.science.upjs.sk\/wp-content\/uploads\/2023\/01\/BeFunky-design6.png 1200w\" sizes=\"(max-width: 300px) 100vw, 300px\" \/><figcaption><br><span class=\"has-inline-color has-black-color\">Po ukon\u010den\u00ed \u0161t\u00fadia pracovala najsk\u00f4r v Chemku Str\u00e1\u017eske&nbsp;a toho \u010dasu pracuje ako technol\u00f3g&nbsp;ne\u0161tandardn\u00fdch meran\u00ed v Slovensk\u00fdch elektr\u00e1r\u0148ach, z\u00e1vod Vojany.<\/span><br><br> <span class=\"has-inline-color has-black-color\"><em>\u201e<\/em><\/span><em><span class=\"has-inline-color has-black-color\">\u0160t\u00fadium na tejto katedre mi bolo kvalitnou pr\u00edpravou pre moje bud\u00face zamestnanie a po\u010das \u0161t\u00fadia som stretla nielen skvel\u00fdch spolu\u017eiakov, ale najm\u00e4 profesion\u00e1lny a \u013eudsk\u00fd pr\u00edstup pedag\u00f3gov, ktor\u00ed n\u00e1m odovzd\u00e1vali nielen poznatky, sk\u00fasenosti, ale formovali aj na\u0161e osobnosti. Svoje poznatky zo \u0161t\u00fadia z\u00faro\u010dujem&nbsp;vo svojej teraj\u0161ej pr\u00e1ci a aj po skon\u010den\u00ed \u0161t\u00fadia \u010falej spolupracujem s \u00fastavom analytickej ch\u00e9mie pri konzult\u00e1ci\u00e1ch, resp. pri vypracovan\u00ed odborn\u00fdch \u0161t\u00fadi\u00ed, za \u010do som im v\u010fa\u010dn\u00e1, \u017ee aj po skon\u010den\u00ed \u0161t\u00fadia sa na nich m\u00f4\u017eem obr\u00e1ti\u0165.&nbsp;<br>Svoju pr\u00e1cu m\u00e1m rada, lebo ma bav\u00ed a \u010fakujem svojej Alma mater za t\u00fato pr\u00edle\u017eitos\u0165 a \u017eel\u00e1m jej do \u010fal\u0161\u00edch rokov ve\u013ea \u00faspechov a skvel\u00fdch \u0161tudentov.&#8221;<\/span><\/em><br><strong><br><\/strong><span class=\"has-inline-color has-black-color\"><strong> Technol\u00f3g&nbsp;ne\u0161tandardn\u00fdch meran\u00ed,  Slovensk\u00fdch elektr\u00e1r\u0148ach, z\u00e1vod Vojany<\/strong><br><strong>&#8212;<br>Absolventka magistersk\u00e9ho \u0161t\u00fadia <\/strong><\/span><strong> <\/strong><\/figcaption><\/figure><\/div>\n\n\n\n<hr class=\"wp-block-separator aligncenter is-style-default\"\/>\n<\/div>\n\n\n\n<div class=\"wp-block-column\">\n<div class=\"wp-block-image is-style-rounded\"><figure class=\"aligncenter size-medium\"><img loading=\"lazy\" width=\"300\" height=\"300\" src=\"https:\/\/analyticalchemistry.science.upjs.sk\/wp-content\/uploads\/2023\/01\/BeFunky-design8-300x300.png\" alt=\"\" class=\"wp-image-2201\" srcset=\"https:\/\/analyticalchemistry.science.upjs.sk\/wp-content\/uploads\/2023\/01\/BeFunky-design8-300x300.png 300w, https:\/\/analyticalchemistry.science.upjs.sk\/wp-content\/uploads\/2023\/01\/BeFunky-design8-1024x1024.png 1024w, https:\/\/analyticalchemistry.science.upjs.sk\/wp-content\/uploads\/2023\/01\/BeFunky-design8-150x150.png 150w, https:\/\/analyticalchemistry.science.upjs.sk\/wp-content\/uploads\/2023\/01\/BeFunky-design8-768x768.png 768w, https:\/\/analyticalchemistry.science.upjs.sk\/wp-content\/uploads\/2023\/01\/BeFunky-design8-900x900.png 900w, https:\/\/analyticalchemistry.science.upjs.sk\/wp-content\/uploads\/2023\/01\/BeFunky-design8-500x500.png 500w, https:\/\/analyticalchemistry.science.upjs.sk\/wp-content\/uploads\/2023\/01\/BeFunky-design8.png 1200w\" sizes=\"(max-width: 300px) 100vw, 300px\" \/><figcaption><br><span class=\"has-inline-color has-black-color\">V roku 2010 \u00faspe\u0161ne ukon\u010dil magistersk\u00e9 \u0161t\u00fadium. Vo svojej diplomovej pr\u00e1ci sa venoval v\u00fdvoju nov\u00fdch chromatografick\u00fdch met\u00f3d na stanovenie steroidn\u00fdch horm\u00f3nov v mo\u010di. Po ukon\u010den\u00ed \u0161t\u00fadia premiestnil svoje p\u00f4sobisko do Nemecka, kde sa stal s\u00fa\u010das\u0165ou t\u00edmu Prof. Gerharda Scherrera vo firme ABF GmbH (Mn\u00edchov, Nemecko). \u0164a\u017eiskom jeho pr\u00e1ce v ABF GmbH bol v\u00fdvoj a zavedenie nov\u00fdch analytick\u00fdch met\u00f3d na stanovenie \u0161kodliv\u00edn z cigaretov\u00e9ho dymu v telesn\u00fdch tekutin\u00e1ch (mo\u010d, plazma). Od decembra 2018 je zodpovedn\u00fd za oddelenie chromatografick\u00fdch anal\u00fdz v klinickom laborat\u00f3riu Elblab GmbH Zentrum f\u00fcr Labormedizin Mei\u00dfen, Riesa, Radebeul (Nemecko). Jeho hlavn\u00fdm zameran\u00edm je v\u00fdvoj a zavedenie nov\u00fdch chromatografick\u00fdch met\u00f3d na terapeutick\u00e9 monitorovanie hlad\u00edn lie\u010div pomocou HPLC-MS\/MS a QM administr\u00e1cia. <\/span><br><br><strong><span class=\"has-inline-color has-black-color\">Analytick\u00fd chemik,  Elblab GmbH Zentrum f\u00fcr Labormedizin Mei\u00dfen, Riesa, Radebeul, Nemecko<br>&#8212;<br>Absolvent doktorandsk\u00e9ho \u0161t\u00fadia<\/span><\/strong><\/figcaption><\/figure><\/div>\n\n\n\n<hr class=\"wp-block-separator aligncenter is-style-default\"\/>\n<\/div>\n<\/div>\n\n\n\n<div class=\"wp-block-columns\">\n<div class=\"wp-block-column\" style=\"flex-basis:25%\"><\/div>\n\n\n\n<div class=\"wp-block-column\" style=\"flex-basis:50%\">\n<div class=\"wp-block-image is-style-rounded\"><figure class=\"aligncenter size-medium\"><img loading=\"lazy\" width=\"300\" height=\"300\" src=\"https:\/\/analyticalchemistry.science.upjs.sk\/wp-content\/uploads\/2023\/01\/BeFunky-design9-300x300.png\" alt=\"\" class=\"wp-image-2337\" srcset=\"https:\/\/analyticalchemistry.science.upjs.sk\/wp-content\/uploads\/2023\/01\/BeFunky-design9-300x300.png 300w, https:\/\/analyticalchemistry.science.upjs.sk\/wp-content\/uploads\/2023\/01\/BeFunky-design9-1024x1024.png 1024w, https:\/\/analyticalchemistry.science.upjs.sk\/wp-content\/uploads\/2023\/01\/BeFunky-design9-150x150.png 150w, https:\/\/analyticalchemistry.science.upjs.sk\/wp-content\/uploads\/2023\/01\/BeFunky-design9-768x768.png 768w, https:\/\/analyticalchemistry.science.upjs.sk\/wp-content\/uploads\/2023\/01\/BeFunky-design9-900x900.png 900w, https:\/\/analyticalchemistry.science.upjs.sk\/wp-content\/uploads\/2023\/01\/BeFunky-design9-500x500.png 500w, https:\/\/analyticalchemistry.science.upjs.sk\/wp-content\/uploads\/2023\/01\/BeFunky-design9.png 1200w\" sizes=\"(max-width: 300px) 100vw, 300px\" \/><figcaption><br><em><span class=\"has-inline-color has-black-color\">&#8220;Analytick\u00e1 ch\u00e9mia ma zaujala najm\u00e4 svojou in\u0161trument\u00e1lnos\u0165ou ale aj schopnos\u0165ou dok\u00e1za\u0165 pravdu a analyticky hodnoti\u0165 nielen vzorky v laborat\u00f3riu ale aj d\u00e1ta be\u017en\u00e9ho d\u0148a. Po \u0161t\u00fadiu som si na\u0161iel pr\u00e1cu v chemickom priemysle, kde som okam\u017eite za\u010dal vyu\u017e\u00edva\u0165 pr\u00edstroje a met\u00f3dy molekulovej anal\u00fdzy. Na katedre som z\u00edskal sk\u00fasenosti a zru\u010dnosti potrebn\u00e9 pre pr\u00e1cu v laborat\u00f3riu, pr\u00e1cu s pr\u00edstrojmi aj znalosti vyhodnocovania d\u00e1t, ktor\u00e9 som vyu\u017eil nielen pri validovan\u00ed met\u00f3d ale aj pri kvalifik\u00e1ci\u00ed a kalibr\u00e1ci\u00ed zariaden\u00ed. Na katedre pracuje pr\u00edjemn\u00fd kolekt\u00edv \u013eud\u00ed, s ktor\u00fdmi som v\u017edy mohol komunikova\u0165 svoje probl\u00e9my a bezprobl\u00e9movo sa dohodn\u00fa\u0165.&#8221;<\/span><\/em> <br><br><strong><span class=\"has-inline-color has-black-color\">Analytick\u00fd chemik &#8211; junior, Mikrochem Pezinok<br>&#8212;<br>Absolvent magistersk\u00e9ho \u0161t\u00fadia<\/span><\/strong><\/figcaption><\/figure><\/div>\n\n\n\n<p><\/p>\n\n\n\n<p class=\"has-text-align-center\"><\/p>\n\n\n\n<p class=\"has-text-align-left\"> <\/p>\n<\/div>\n\n\n\n<div class=\"wp-block-column\" style=\"flex-basis:25%\"><\/div>\n<\/div>\n","protected":false},"excerpt":{"rendered":"<p>Analytick\u00e1 ch\u00e9mia z\u00edskava \u00fadaje o zlo\u017een\u00ed r\u00f4znych l\u00e1tok a tie\u017e vyv\u00edja sp\u00f4soby zis\u0165ovania tohto zlo\u017eenia. To je z\u00e1kladom pre v\u0161etky oblasti ch\u00e9mie [&hellip;]<\/p>\n","protected":false},"author":3,"featured_media":0,"parent":45,"menu_order":4,"comment_status":"closed","ping_status":"closed","template":"","meta":{"spay_email":""},"_links":{"self":[{"href":"https:\/\/analyticalchemistry.science.upjs.sk\/index.php?rest_route=\/wp\/v2\/pages\/405"}],"collection":[{"href":"https:\/\/analyticalchemistry.science.upjs.sk\/index.php?rest_route=\/wp\/v2\/pages"}],"about":[{"href":"https:\/\/analyticalchemistry.science.upjs.sk\/index.php?rest_route=\/wp\/v2\/types\/page"}],"author":[{"embeddable":true,"href":"https:\/\/analyticalchemistry.science.upjs.sk\/index.php?rest_route=\/wp\/v2\/users\/3"}],"replies":[{"embeddable":true,"href":"https:\/\/analyticalchemistry.science.upjs.sk\/index.php?rest_route=%2Fwp%2Fv2%2Fcomments&post=405"}],"version-history":[{"count":97,"href":"https:\/\/analyticalchemistry.science.upjs.sk\/index.php?rest_route=\/wp\/v2\/pages\/405\/revisions"}],"predecessor-version":[{"id":2927,"href":"https:\/\/analyticalchemistry.science.upjs.sk\/index.php?rest_route=\/wp\/v2\/pages\/405\/revisions\/2927"}],"up":[{"embeddable":true,"href":"https:\/\/analyticalchemistry.science.upjs.sk\/index.php?rest_route=\/wp\/v2\/pages\/45"}],"wp:attachment":[{"href":"https:\/\/analyticalchemistry.science.upjs.sk\/index.php?rest_route=%2Fwp%2Fv2%2Fmedia&parent=405"}],"curies":[{"name":"wp","href":"https:\/\/api.w.org\/{rel}","templated":true}]}}