{"id":269,"date":"2022-01-10T18:18:02","date_gmt":"2022-01-10T18:18:02","guid":{"rendered":"https:\/\/analyticalchemistry.science.upjs.sk\/?page_id=269"},"modified":"2025-03-07T10:56:05","modified_gmt":"2025-03-07T10:56:05","slug":"spolupraca","status":"publish","type":"page","link":"https:\/\/analyticalchemistry.science.upjs.sk\/?page_id=269","title":{"rendered":"Spolupr\u00e1ca"},"content":{"rendered":"\n<div class=\"wp-block-group alignfull\"><div class=\"wp-block-group__inner-container\">\n<div class=\"wp-block-cover alignfull has-background-dim-30 has-background-dim\"><img loading=\"lazy\" width=\"1920\" height=\"1029\" class=\"wp-block-cover__image-background wp-image-1042\" alt=\"\" src=\"https:\/\/analyticalchemistry.science.upjs.sk\/wp-content\/uploads\/2022\/11\/business-7111764_1920.jpg\" data-object-fit=\"cover\" srcset=\"https:\/\/analyticalchemistry.science.upjs.sk\/wp-content\/uploads\/2022\/11\/business-7111764_1920.jpg 1920w, https:\/\/analyticalchemistry.science.upjs.sk\/wp-content\/uploads\/2022\/11\/business-7111764_1920-300x161.jpg 300w, https:\/\/analyticalchemistry.science.upjs.sk\/wp-content\/uploads\/2022\/11\/business-7111764_1920-1024x549.jpg 1024w, https:\/\/analyticalchemistry.science.upjs.sk\/wp-content\/uploads\/2022\/11\/business-7111764_1920-768x412.jpg 768w, https:\/\/analyticalchemistry.science.upjs.sk\/wp-content\/uploads\/2022\/11\/business-7111764_1920-1536x823.jpg 1536w, https:\/\/analyticalchemistry.science.upjs.sk\/wp-content\/uploads\/2022\/11\/business-7111764_1920-900x482.jpg 900w, https:\/\/analyticalchemistry.science.upjs.sk\/wp-content\/uploads\/2022\/11\/business-7111764_1920-500x268.jpg 500w\" sizes=\"(max-width: 1920px) 100vw, 1920px\" \/><div class=\"wp-block-cover__inner-container\">\n<div class=\"wp-block-group\"><div class=\"wp-block-group__inner-container\">\n<div class=\"wp-block-group\"><div class=\"wp-block-group__inner-container\">\n<h1 class=\"is-style-default\">SPOLUPR\u00c1CA<\/h1>\n\n\n\n<hr class=\"wp-block-separator\"\/>\n<\/div><\/div>\n\n\n\n<p><\/p>\n<\/div><\/div>\n\n\n\n<div class=\"wp-block-group\"><div class=\"wp-block-group__inner-container\">\n<h2 class=\"is-style-default\">Spolupracujeme s dom\u00e1cimi aj zahrani\u010dn\u00fdmi pracoviskami. <\/h2>\n<\/div><\/div>\n<\/div><\/div>\n<\/div><\/div>\n\n\n\n<div class=\"wp-block-group\"><div class=\"wp-block-group__inner-container\">\n<h2 class=\"has-text-align-center is-style-elsie-no-margins\">Zahrani\u010dn\u00e9 pracovisk\u00e1<\/h2>\n<\/div><\/div>\n\n\n\n<ol><li><strong>Masarykova Univerzita, Brno, \u010cesk\u00e1 Republika &#8211; <\/strong>\u0161t\u00fadium luminiscen\u010dn\u00fdch syst\u00e9mov perspekt\u00edvnych v analytickej ch\u00e9mii;<\/li><li><strong>Univerzita Tom\u00e1\u0161e Bati ve Zl\u00edn\u011b, \u010cesk\u00e1 Republika<\/strong> <strong>&#8211;<\/strong> sk\u00famanie fyzik\u00e1lnych vlastnost\u00ed technologicky a\u00a0komer\u010dne zauj\u00edmav\u00fdch l\u00e1tok;<\/li><li><strong>Dnipropetrovsk National University, Dnipro, Ukrajina &#8211; <\/strong>vyu\u017eitie SIA a optickej sondy pre stanovenie vybran\u00fdch analytov;<\/li><li><strong>Medical University of Plovdiv, Plovdiv, Bulharsko &#8211; <\/strong>v\u00fdskum v oblasti &#8220;cloud point extraction&#8221;;<\/li><li><strong>University of Texas, USA<\/strong> &#8211; chir\u00e1lne separ\u00e1cie.<\/li><\/ol>\n\n\n\n<hr class=\"wp-block-separator is-style-default\"\/>\n\n\n\n<p><\/p>\n\n\n\n<div class=\"wp-block-group\"><div class=\"wp-block-group__inner-container\">\n<div class=\"wp-block-group\"><div class=\"wp-block-group__inner-container\">\n<div class=\"wp-block-group\"><div class=\"wp-block-group__inner-container\">\n<div class=\"wp-block-group\"><div class=\"wp-block-group__inner-container\">\n<div class=\"wp-block-group\"><div class=\"wp-block-group__inner-container\">\n<div class=\"wp-block-group\"><div class=\"wp-block-group__inner-container\">\n<h2 class=\"has-text-align-center is-style-elsie-no-margins\">Dom\u00e1ce pracovisk\u00e1<\/h2>\n<\/div><\/div>\n\n\n\n<p><\/p>\n<\/div><\/div>\n<\/div><\/div>\n<\/div><\/div>\n\n\n\n<div class=\"wp-block-group\"><div class=\"wp-block-group__inner-container\">\n<ol><li><strong>MV SR &#8211; Odbor pr\u00edrodovedn\u00e9ho sk\u00famania a kriminalistickej identifik\u00e1cie Ko\u0161ice &#8211; <\/strong>optimaliz\u00e1cia podmienok pre identifik\u00e1ciu po\u017eiar podporuj\u00facich l\u00e1tok a zmes\u00ed po po\u017eiari;<\/li><li><strong>Slovensk\u00e1 zdravotn\u00edcka univerzita v Bratislave &#8211; <\/strong>v\u00fdvoj postupov pre stanovenie organokovov met\u00f3dami GC resp. HPLC-MS;<\/li><li><strong>NPPC, \u00dastav agroekol\u00f3gie Michalovce &#8211;<\/strong> monitoring perzistentn\u00fdch organick\u00fdch polutantov;<\/li><li><strong>\u0160G\u00daD\u0160, Geoanalytick\u00e9 laborat\u00f3ri\u00e1, Spi\u0161sk\u00e1 Nov\u00e1 Ves \u2013<\/strong> v\u00fdvoj met\u00f3d pre anal\u00fdzu jednotliv\u00fdch zlo\u017eiek \u017eivotn\u00e9ho prostredia;<\/li><li><strong>UGT SAV, Ko\u0161ice \u2013<\/strong> v\u00fdvoj analytick\u00fdch met\u00f3d potrebn\u00fdch pre san\u00e1ciu ve\u013emi zne\u010disten\u00fdch oblast\u00ed;<\/li><li><strong>Gnoto Biologick\u00e9 laborat\u00f3rium, UVLF, Ko\u0161ice<\/strong> <strong>&#8211;<\/strong> \u0161t\u00fadium vlastnost\u00ed probiot\u00edk a prebiot\u00edk.<\/li><\/ol>\n<\/div><\/div>\n<\/div><\/div>\n<\/div><\/div>\n","protected":false},"excerpt":{"rendered":"<p>Zahrani\u010dn\u00e9 pracovisk\u00e1 Masarykova Univerzita, Brno, \u010cesk\u00e1 Republika &#8211; \u0161t\u00fadium luminiscen\u010dn\u00fdch syst\u00e9mov perspekt\u00edvnych v analytickej ch\u00e9mii; Univerzita Tom\u00e1\u0161e Bati ve Zl\u00edn\u011b, \u010cesk\u00e1 Republika [&hellip;]<\/p>\n","protected":false},"author":3,"featured_media":0,"parent":46,"menu_order":2,"comment_status":"closed","ping_status":"closed","template":"","meta":{"spay_email":""},"_links":{"self":[{"href":"https:\/\/analyticalchemistry.science.upjs.sk\/index.php?rest_route=\/wp\/v2\/pages\/269"}],"collection":[{"href":"https:\/\/analyticalchemistry.science.upjs.sk\/index.php?rest_route=\/wp\/v2\/pages"}],"about":[{"href":"https:\/\/analyticalchemistry.science.upjs.sk\/index.php?rest_route=\/wp\/v2\/types\/page"}],"author":[{"embeddable":true,"href":"https:\/\/analyticalchemistry.science.upjs.sk\/index.php?rest_route=\/wp\/v2\/users\/3"}],"replies":[{"embeddable":true,"href":"https:\/\/analyticalchemistry.science.upjs.sk\/index.php?rest_route=%2Fwp%2Fv2%2Fcomments&post=269"}],"version-history":[{"count":39,"href":"https:\/\/analyticalchemistry.science.upjs.sk\/index.php?rest_route=\/wp\/v2\/pages\/269\/revisions"}],"predecessor-version":[{"id":2890,"href":"https:\/\/analyticalchemistry.science.upjs.sk\/index.php?rest_route=\/wp\/v2\/pages\/269\/revisions\/2890"}],"up":[{"embeddable":true,"href":"https:\/\/analyticalchemistry.science.upjs.sk\/index.php?rest_route=\/wp\/v2\/pages\/46"}],"wp:attachment":[{"href":"https:\/\/analyticalchemistry.science.upjs.sk\/index.php?rest_route=%2Fwp%2Fv2%2Fmedia&parent=269"}],"curies":[{"name":"wp","href":"https:\/\/api.w.org\/{rel}","templated":true}]}}