{"id":260,"date":"2022-01-10T18:05:52","date_gmt":"2022-01-10T18:05:52","guid":{"rendered":"https:\/\/analyticalchemistry.science.upjs.sk\/?page_id=260"},"modified":"2023-02-16T18:56:23","modified_gmt":"2023-02-16T18:56:23","slug":"laboratoria","status":"publish","type":"page","link":"https:\/\/analyticalchemistry.science.upjs.sk\/?page_id=260","title":{"rendered":"Laborat\u00f3ria"},"content":{"rendered":"\n<div class=\"wp-block-cover alignfull has-background-dim-30 has-background-dim\"><img loading=\"lazy\" width=\"1324\" height=\"883\" class=\"wp-block-cover__image-background wp-image-1202\" alt=\"\" src=\"https:\/\/analyticalchemistry.science.upjs.sk\/wp-content\/uploads\/2022\/11\/index_2-1.jpg\" style=\"object-position:49% 22%\" data-object-fit=\"cover\" data-object-position=\"49% 22%\" srcset=\"https:\/\/analyticalchemistry.science.upjs.sk\/wp-content\/uploads\/2022\/11\/index_2-1.jpg 1324w, https:\/\/analyticalchemistry.science.upjs.sk\/wp-content\/uploads\/2022\/11\/index_2-1-300x200.jpg 300w, https:\/\/analyticalchemistry.science.upjs.sk\/wp-content\/uploads\/2022\/11\/index_2-1-1024x683.jpg 1024w, https:\/\/analyticalchemistry.science.upjs.sk\/wp-content\/uploads\/2022\/11\/index_2-1-768x512.jpg 768w, https:\/\/analyticalchemistry.science.upjs.sk\/wp-content\/uploads\/2022\/11\/index_2-1-900x600.jpg 900w, https:\/\/analyticalchemistry.science.upjs.sk\/wp-content\/uploads\/2022\/11\/index_2-1-500x333.jpg 500w\" sizes=\"(max-width: 1324px) 100vw, 1324px\" \/><div class=\"wp-block-cover__inner-container\">\n<h1 class=\"is-style-default\">LABORAT\u00d3RIA<\/h1>\n\n\n\n<hr class=\"wp-block-separator is-style-default\"\/>\n\n\n\n<h2 class=\"is-style-default\">Plne zrekon\u0161truovan\u00e9 laborat\u00f3rne priestory s modern\u00fdm pr\u00edstrojov\u00fdm vybaven\u00edm.<\/h2>\n<\/div><\/div>\n\n\n\n<p>M\u00e1me k dispoz\u00edcii novo zrekon\u0161truovan\u00e9 laborat\u00f3rne priestory s modern\u00fdm pr\u00edstrojov\u00fdm vybaven\u00edm, ktor\u00e9 sa sna\u017e\u00edme dop\u013a\u0148a\u0165 o&nbsp;individu\u00e1lny pr\u00edstup vo v\u00fdu\u010dbe a v\u00fdskumnej pr\u00e1ci.<\/p>\n\n\n\n<hr class=\"wp-block-separator is-style-default\"\/>\n\n\n\n<h2 class=\"has-text-align-center\">V\u00fdu\u010dbov\u00e9 laborat\u00f3ria<\/h2>\n\n\n\n<h3><strong>1. Laborat\u00f3rium z\u00e1kladn\u00fdch analytick\u00fdch met\u00f3d<\/strong><\/h3>\n\n\n\n<p>V laborat\u00f3riu prebiehaj\u00fa z\u00e1kladn\u00e9 praktik\u00e1 z kvalitat\u00edvnej anal\u00fdzy a \u010das\u0165 kvantitat\u00edvnej anal\u00fdzy (odmern\u00e1 anal\u00fdza) a praktick\u00e9 cvi\u010denia z ch\u00e9mie hydrosf\u00e9ry a analytickej ch\u00e9mie \u017eivotn\u00e9ho prostredia.<\/p>\n\n\n\n<h3><strong>2. Laborat\u00f3rium z\u00e1kladn\u00fdch in\u0161trument\u00e1lnych met\u00f3d<\/strong><\/h3>\n\n\n\n<p>V laborat\u00f3riu prebiehaj\u00fa z\u00e1kladn\u00e9 praktik\u00e1 z in\u0161trument\u00e1lnych met\u00f3d, roz\u0161iruj\u00face praktik\u00e1 z elektroanalytick\u00fdch a separa\u010dn\u00fdch met\u00f3d.<\/p>\n\n\n\n<p><\/p>\n\n\n\n<div class=\"wp-block-jetpack-tiled-gallery aligncenter is-style-columns\"><div class=\"tiled-gallery__gallery\"><div class=\"tiled-gallery__row\"><div class=\"tiled-gallery__col\" style=\"flex-basis:34.63762%\"><figure class=\"tiled-gallery__item\"><img srcset=\"https:\/\/i0.wp.com\/analyticalchemistry.science.upjs.sk\/wp-content\/uploads\/2023\/01\/KAnCH_1-1024x681.jpg?strip=info&#038;w=600&#038;ssl=1 600w,https:\/\/i0.wp.com\/analyticalchemistry.science.upjs.sk\/wp-content\/uploads\/2023\/01\/KAnCH_1-1024x681.jpg?strip=info&#038;w=900&#038;ssl=1 900w,https:\/\/i0.wp.com\/analyticalchemistry.science.upjs.sk\/wp-content\/uploads\/2023\/01\/KAnCH_1-1024x681.jpg?strip=info&#038;w=1200&#038;ssl=1 1200w,https:\/\/i0.wp.com\/analyticalchemistry.science.upjs.sk\/wp-content\/uploads\/2023\/01\/KAnCH_1-1024x681.jpg?strip=info&#038;w=1500&#038;ssl=1 1500w,https:\/\/i0.wp.com\/analyticalchemistry.science.upjs.sk\/wp-content\/uploads\/2023\/01\/KAnCH_1-1024x681.jpg?strip=info&#038;w=1800&#038;ssl=1 1800w,https:\/\/i0.wp.com\/analyticalchemistry.science.upjs.sk\/wp-content\/uploads\/2023\/01\/KAnCH_1-1024x681.jpg?strip=info&#038;w=2000&#038;ssl=1 2000w\" alt=\"\" data-height=\"1702\" data-id=\"1945\" data-link=\"https:\/\/analyticalchemistry.science.upjs.sk\/?attachment_id=1945\" data-url=\"https:\/\/analyticalchemistry.science.upjs.sk\/wp-content\/uploads\/2023\/01\/KAnCH_1-1024x681.jpg\" data-width=\"2560\" src=\"https:\/\/i0.wp.com\/analyticalchemistry.science.upjs.sk\/wp-content\/uploads\/2023\/01\/KAnCH_1-1024x681.jpg?ssl=1\" data-amp-layout=\"responsive\"\/><\/figure><\/div><div class=\"tiled-gallery__col\" style=\"flex-basis:34.63762%\"><figure class=\"tiled-gallery__item\"><img srcset=\"https:\/\/i0.wp.com\/analyticalchemistry.science.upjs.sk\/wp-content\/uploads\/2023\/01\/KAnCH_2-1024x681.jpg?strip=info&#038;w=600&#038;ssl=1 600w,https:\/\/i0.wp.com\/analyticalchemistry.science.upjs.sk\/wp-content\/uploads\/2023\/01\/KAnCH_2-1024x681.jpg?strip=info&#038;w=900&#038;ssl=1 900w,https:\/\/i0.wp.com\/analyticalchemistry.science.upjs.sk\/wp-content\/uploads\/2023\/01\/KAnCH_2-1024x681.jpg?strip=info&#038;w=1200&#038;ssl=1 1200w,https:\/\/i0.wp.com\/analyticalchemistry.science.upjs.sk\/wp-content\/uploads\/2023\/01\/KAnCH_2-1024x681.jpg?strip=info&#038;w=1500&#038;ssl=1 1500w,https:\/\/i0.wp.com\/analyticalchemistry.science.upjs.sk\/wp-content\/uploads\/2023\/01\/KAnCH_2-1024x681.jpg?strip=info&#038;w=1800&#038;ssl=1 1800w,https:\/\/i0.wp.com\/analyticalchemistry.science.upjs.sk\/wp-content\/uploads\/2023\/01\/KAnCH_2-1024x681.jpg?strip=info&#038;w=2000&#038;ssl=1 2000w\" alt=\"\" data-height=\"1702\" data-id=\"1946\" data-link=\"https:\/\/analyticalchemistry.science.upjs.sk\/?attachment_id=1946\" data-url=\"https:\/\/analyticalchemistry.science.upjs.sk\/wp-content\/uploads\/2023\/01\/KAnCH_2-1024x681.jpg\" data-width=\"2560\" src=\"https:\/\/i0.wp.com\/analyticalchemistry.science.upjs.sk\/wp-content\/uploads\/2023\/01\/KAnCH_2-1024x681.jpg?ssl=1\" data-amp-layout=\"responsive\"\/><\/figure><\/div><div class=\"tiled-gallery__col\" style=\"flex-basis:30.72475%\"><figure class=\"tiled-gallery__item\"><img srcset=\"https:\/\/i0.wp.com\/analyticalchemistry.science.upjs.sk\/wp-content\/uploads\/2022\/11\/cho_1-1024x768.jpg?strip=info&#038;w=600&#038;ssl=1 600w,https:\/\/i0.wp.com\/analyticalchemistry.science.upjs.sk\/wp-content\/uploads\/2022\/11\/cho_1-1024x768.jpg?strip=info&#038;w=900&#038;ssl=1 900w,https:\/\/i0.wp.com\/analyticalchemistry.science.upjs.sk\/wp-content\/uploads\/2022\/11\/cho_1-1024x768.jpg?strip=info&#038;w=1200&#038;ssl=1 1200w,https:\/\/i0.wp.com\/analyticalchemistry.science.upjs.sk\/wp-content\/uploads\/2022\/11\/cho_1-1024x768.jpg?strip=info&#038;w=1500&#038;ssl=1 1500w,https:\/\/i0.wp.com\/analyticalchemistry.science.upjs.sk\/wp-content\/uploads\/2022\/11\/cho_1-1024x768.jpg?strip=info&#038;w=1800&#038;ssl=1 1800w,https:\/\/i0.wp.com\/analyticalchemistry.science.upjs.sk\/wp-content\/uploads\/2022\/11\/cho_1-1024x768.jpg?strip=info&#038;w=2000&#038;ssl=1 2000w\" alt=\"\" data-height=\"1500\" data-id=\"729\" data-link=\"https:\/\/analyticalchemistry.science.upjs.sk\/?attachment_id=729\" data-url=\"https:\/\/analyticalchemistry.science.upjs.sk\/wp-content\/uploads\/2022\/11\/cho_1-1024x768.jpg\" data-width=\"2000\" src=\"https:\/\/i0.wp.com\/analyticalchemistry.science.upjs.sk\/wp-content\/uploads\/2022\/11\/cho_1-1024x768.jpg?ssl=1\" data-amp-layout=\"responsive\"\/><\/figure><\/div><\/div><\/div><\/div>\n\n\n\n<hr class=\"wp-block-separator is-style-default\"\/>\n\n\n\n<h2 class=\"has-text-align-center\"><strong>V\u00fdskumn\u00e9 laborat\u00f3ria<\/strong><\/h2>\n\n\n\n<h3><strong>1. V\u00fdskumn\u00e9 laborat\u00f3rium analytick\u00fdch met\u00f3d<\/strong><\/h3>\n\n\n\n<p>V laborat\u00f3riu prebieha v\u00fdvoj a implement\u00e1cia inovat\u00edvnych postupov pre stanovanie vybran\u00fdch analytov anorganick\u00e9ho a&nbsp;organick\u00e9ho p\u00f4vodu vo vzork\u00e1ch r\u00f4zneho charakteru so zrete\u013eom na po\u017eiadavky zelenej ch\u00e9mie. Okrem z\u00e1kladn\u00e9ho laborat\u00f3rneho vybavenia je laborat\u00f3rium vybaven\u00e9 pr\u00edstrojovou technikou pre v\u00fdskumn\u00e9 \u00fa\u010dely v oblasti optick\u00fdch met\u00f3d (UV-Vis spektrometre a spektrofluorimeter) automatiz\u00e1cie a miniaturiz\u00e1cie analytick\u00fdch meran\u00ed (prietokov\u00fd injek\u010dn\u00fd analyz\u00e1tor, optick\u00e9 sondy).<\/p>\n\n\n\n<h3><strong>2. V\u00fdskumn\u00e9 laborat\u00f3rium separa\u010dn\u00fdch met\u00f3d<\/strong><\/h3>\n\n\n\n<p>Laborat\u00f3rium je zameran\u00e9 na kvapalinov\u00fa chromatografiu (HPLC, TLC) a v\u00fdvoj nov\u00fdch analytick\u00fdch met\u00f3d a postupov pre enantioselekt\u00edvnu separ\u00e1ciu syntetick\u00fdch biologicky akt\u00edvnych deriv\u00e1tov pr\u00edrodn\u00fdch l\u00e1tok,&nbsp;bioakt\u00edvnych l\u00e1tok z oblasti steroidov, ako aj prebiot\u00edk a&nbsp;polyfenolov.<\/p>\n\n\n\n<h3>3. V\u00fdskumn\u00e9 laborat\u00f3rium at\u00f3movej spektroch\u00e9mie <\/h3>\n\n\n\n<p>V laborat\u00f3riu prebieha v\u00fdvoj pr\u00edpravn\u00fdch postupov a analytick\u00fdch met\u00f3d&nbsp; pre stanovanie vybran\u00fdch prvkov a&nbsp;ich \u0161p\u00e9ci\u00ed v&nbsp;zlo\u017eit\u00fdch vzorkov\u00fdch matriciach environment\u00e1lneho a&nbsp;biologick\u00e9ho p\u00f4vodu. Ako analytick\u00e9 techniky s\u00fa vyu\u017e\u00edvan\u00e9 hmotnostn\u00e1 spektrometria s&nbsp;induk\u010dne viazanou plazmou, at\u00f3mov\u00e1 absorp\u010dn\u00e1 a&nbsp;at\u00f3mov\u00e1 emisn\u00e1 spektrometria.<\/p>\n\n\n\n<div class=\"wp-block-jetpack-tiled-gallery aligncenter is-style-columns\"><div class=\"tiled-gallery__gallery\"><div class=\"tiled-gallery__row\"><div class=\"tiled-gallery__col\" style=\"flex-basis:33.33333%\"><figure class=\"tiled-gallery__item\"><img srcset=\"https:\/\/i0.wp.com\/analyticalchemistry.science.upjs.sk\/wp-content\/uploads\/2022\/01\/KAnCH_6-min-1024x681.jpg?strip=info&#038;w=600&#038;ssl=1 600w,https:\/\/i0.wp.com\/analyticalchemistry.science.upjs.sk\/wp-content\/uploads\/2022\/01\/KAnCH_6-min-1024x681.jpg?strip=info&#038;w=900&#038;ssl=1 900w,https:\/\/i0.wp.com\/analyticalchemistry.science.upjs.sk\/wp-content\/uploads\/2022\/01\/KAnCH_6-min-1024x681.jpg?strip=info&#038;w=1200&#038;ssl=1 1200w,https:\/\/i0.wp.com\/analyticalchemistry.science.upjs.sk\/wp-content\/uploads\/2022\/01\/KAnCH_6-min-1024x681.jpg?strip=info&#038;w=1500&#038;ssl=1 1500w,https:\/\/i0.wp.com\/analyticalchemistry.science.upjs.sk\/wp-content\/uploads\/2022\/01\/KAnCH_6-min-1024x681.jpg?strip=info&#038;w=1800&#038;ssl=1 1800w,https:\/\/i0.wp.com\/analyticalchemistry.science.upjs.sk\/wp-content\/uploads\/2022\/01\/KAnCH_6-min-1024x681.jpg?strip=info&#038;w=2000&#038;ssl=1 2000w\" alt=\"\" data-height=\"1702\" data-id=\"525\" data-link=\"https:\/\/analyticalchemistry.science.upjs.sk\/?attachment_id=525\" data-url=\"https:\/\/analyticalchemistry.science.upjs.sk\/wp-content\/uploads\/2022\/01\/KAnCH_6-min-1024x681.jpg\" data-width=\"2560\" src=\"https:\/\/i0.wp.com\/analyticalchemistry.science.upjs.sk\/wp-content\/uploads\/2022\/01\/KAnCH_6-min-1024x681.jpg?ssl=1\" data-amp-layout=\"responsive\"\/><\/figure><\/div><div class=\"tiled-gallery__col\" style=\"flex-basis:33.33333%\"><figure class=\"tiled-gallery__item\"><img srcset=\"https:\/\/i2.wp.com\/analyticalchemistry.science.upjs.sk\/wp-content\/uploads\/2022\/01\/KAnCH_4-min-1024x681.jpg?strip=info&#038;w=600&#038;ssl=1 600w,https:\/\/i2.wp.com\/analyticalchemistry.science.upjs.sk\/wp-content\/uploads\/2022\/01\/KAnCH_4-min-1024x681.jpg?strip=info&#038;w=900&#038;ssl=1 900w,https:\/\/i2.wp.com\/analyticalchemistry.science.upjs.sk\/wp-content\/uploads\/2022\/01\/KAnCH_4-min-1024x681.jpg?strip=info&#038;w=1200&#038;ssl=1 1200w,https:\/\/i2.wp.com\/analyticalchemistry.science.upjs.sk\/wp-content\/uploads\/2022\/01\/KAnCH_4-min-1024x681.jpg?strip=info&#038;w=1500&#038;ssl=1 1500w,https:\/\/i2.wp.com\/analyticalchemistry.science.upjs.sk\/wp-content\/uploads\/2022\/01\/KAnCH_4-min-1024x681.jpg?strip=info&#038;w=1800&#038;ssl=1 1800w,https:\/\/i2.wp.com\/analyticalchemistry.science.upjs.sk\/wp-content\/uploads\/2022\/01\/KAnCH_4-min-1024x681.jpg?strip=info&#038;w=2000&#038;ssl=1 2000w\" alt=\"\" data-height=\"1702\" data-id=\"523\" data-link=\"https:\/\/analyticalchemistry.science.upjs.sk\/?attachment_id=523\" data-url=\"https:\/\/analyticalchemistry.science.upjs.sk\/wp-content\/uploads\/2022\/01\/KAnCH_4-min-1024x681.jpg\" data-width=\"2560\" src=\"https:\/\/i2.wp.com\/analyticalchemistry.science.upjs.sk\/wp-content\/uploads\/2022\/01\/KAnCH_4-min-1024x681.jpg?ssl=1\" data-amp-layout=\"responsive\"\/><\/figure><\/div><div class=\"tiled-gallery__col\" style=\"flex-basis:33.33333%\"><figure class=\"tiled-gallery__item\"><img srcset=\"https:\/\/i1.wp.com\/analyticalchemistry.science.upjs.sk\/wp-content\/uploads\/2022\/01\/KAnCH_7-min-1024x681.jpg?strip=info&#038;w=600&#038;ssl=1 600w,https:\/\/i1.wp.com\/analyticalchemistry.science.upjs.sk\/wp-content\/uploads\/2022\/01\/KAnCH_7-min-1024x681.jpg?strip=info&#038;w=900&#038;ssl=1 900w,https:\/\/i1.wp.com\/analyticalchemistry.science.upjs.sk\/wp-content\/uploads\/2022\/01\/KAnCH_7-min-1024x681.jpg?strip=info&#038;w=1200&#038;ssl=1 1200w,https:\/\/i1.wp.com\/analyticalchemistry.science.upjs.sk\/wp-content\/uploads\/2022\/01\/KAnCH_7-min-1024x681.jpg?strip=info&#038;w=1500&#038;ssl=1 1500w,https:\/\/i1.wp.com\/analyticalchemistry.science.upjs.sk\/wp-content\/uploads\/2022\/01\/KAnCH_7-min-1024x681.jpg?strip=info&#038;w=1800&#038;ssl=1 1800w,https:\/\/i1.wp.com\/analyticalchemistry.science.upjs.sk\/wp-content\/uploads\/2022\/01\/KAnCH_7-min-1024x681.jpg?strip=info&#038;w=2000&#038;ssl=1 2000w\" alt=\"\" data-height=\"1702\" data-id=\"526\" data-link=\"https:\/\/analyticalchemistry.science.upjs.sk\/?attachment_id=526\" data-url=\"https:\/\/analyticalchemistry.science.upjs.sk\/wp-content\/uploads\/2022\/01\/KAnCH_7-min-1024x681.jpg\" data-width=\"2560\" src=\"https:\/\/i1.wp.com\/analyticalchemistry.science.upjs.sk\/wp-content\/uploads\/2022\/01\/KAnCH_7-min-1024x681.jpg?ssl=1\" data-amp-layout=\"responsive\"\/><\/figure><\/div><\/div><\/div><\/div>\n","protected":false},"excerpt":{"rendered":"<p>M\u00e1me k dispoz\u00edcii novo zrekon\u0161truovan\u00e9 laborat\u00f3rne priestory s modern\u00fdm pr\u00edstrojov\u00fdm vybaven\u00edm, ktor\u00e9 sa sna\u017e\u00edme dop\u013a\u0148a\u0165 o&nbsp;individu\u00e1lny pr\u00edstup vo v\u00fdu\u010dbe a v\u00fdskumnej pr\u00e1ci. [&hellip;]<\/p>\n","protected":false},"author":3,"featured_media":0,"parent":258,"menu_order":2,"comment_status":"closed","ping_status":"closed","template":"","meta":{"spay_email":""},"_links":{"self":[{"href":"https:\/\/analyticalchemistry.science.upjs.sk\/index.php?rest_route=\/wp\/v2\/pages\/260"}],"collection":[{"href":"https:\/\/analyticalchemistry.science.upjs.sk\/index.php?rest_route=\/wp\/v2\/pages"}],"about":[{"href":"https:\/\/analyticalchemistry.science.upjs.sk\/index.php?rest_route=\/wp\/v2\/types\/page"}],"author":[{"embeddable":true,"href":"https:\/\/analyticalchemistry.science.upjs.sk\/index.php?rest_route=\/wp\/v2\/users\/3"}],"replies":[{"embeddable":true,"href":"https:\/\/analyticalchemistry.science.upjs.sk\/index.php?rest_route=%2Fwp%2Fv2%2Fcomments&post=260"}],"version-history":[{"count":81,"href":"https:\/\/analyticalchemistry.science.upjs.sk\/index.php?rest_route=\/wp\/v2\/pages\/260\/revisions"}],"predecessor-version":[{"id":2429,"href":"https:\/\/analyticalchemistry.science.upjs.sk\/index.php?rest_route=\/wp\/v2\/pages\/260\/revisions\/2429"}],"up":[{"embeddable":true,"href":"https:\/\/analyticalchemistry.science.upjs.sk\/index.php?rest_route=\/wp\/v2\/pages\/258"}],"wp:attachment":[{"href":"https:\/\/analyticalchemistry.science.upjs.sk\/index.php?rest_route=%2Fwp%2Fv2%2Fmedia&parent=260"}],"curies":[{"name":"wp","href":"https:\/\/api.w.org\/{rel}","templated":true}]}}